{"id":1258,"date":"2019-10-29T16:17:25","date_gmt":"2019-10-29T07:17:25","guid":{"rendered":"https:\/\/kuis.kandagaigo.ac.jp\/relayjournal\/?page_id=1258"},"modified":"2020-09-11T10:32:39","modified_gmt":"2020-09-11T01:32:39","slug":"arias-sais_et_al","status":"publish","type":"page","link":"https:\/\/kuis.kandagaigo.ac.jp\/relayjournal\/issues\/sep19\/arias-sais_et_al\/","title":{"rendered":"From Teachers to Advisors: A Self-discovery Journey"},"content":{"rendered":"<p><strong>Guillermina Arias-Sais<\/strong><br \/>\n<strong> Esperanza Espejo-Regalado<\/strong><br \/>\n<strong> Laura Gabriela Sag\u00e1stegui Rodr\u00edguez<\/strong><br \/>\n<strong> Laura Mar\u00eda Zurutuza Roaro<\/strong><\/p>\n<p>Arias-Sais, G.,\u00a0Espejo-Regalado, E.,\u00a0Sag\u00e1stegui Rodr\u00edguez, L. G., &amp; Zurutuza Roaro, L. M. (2019). From teachers to advisors: A self-discovery journey. <em>Relay Journal, 2<\/em>(2), 394-403.\u00a0https:\/\/doi.org\/10.37237\/relay\/020213<\/p>\n<p>[<a href=\"https:\/\/drive.google.com\/open?id=1aboh7EG2FmkUnudq-eMZU79Ba8t275Hb\" target=\"_blank\" rel=\"noopener\">Download paginated PDF version<\/a>]<\/p>\n<p><span style=\"color: #ff0000;\">*This page reflects the original version of this document. Please see PDF for most recent and updated version.<\/span><\/p>\n<p><strong>\u00a0Abstract <\/strong><\/p>\n<p>Becoming Language Learning Advisors has been a challenging and rewarding journey for this innovative group of teachers.\u00a0 In this article, they evoke their experiences and struggles and the impact that this profound transformational process has had in their professional and personal lives. The construction of this new identity has allowed them to transcend the traditional role of prescribing strategies or administering learning, thus giving place to a shift in thought and action that fosters greater autonomy and allows students to take charge of their own learning.\u00a0 Moreover, their new shared identity as advisors gave place to a community of practice, which is growing as other advisors who have undergone a similar feat share ideas and strategies.<\/p>\n<p>Achieving acceptance of oneself and others and being able to communicate it appropriately is no easy task. Having the support of a community of practice is essential, not only in terms of support, shared practices, resources and perspectives, but as the construction of a shared identity where acceptance, freedom and trust are the common denominator. Confronting hidden feelings and fears is complicated, and opening to others can be intimidating. Therefore, the need for a community of practice built on the premises of comprehension and humbleness is paramount.<\/p>\n<p><em>Keywords<\/em>: Autonomy, transformation, advising, reflection, community, language learning.<\/p>\n<p>&nbsp;<\/p>\n<p>As teachers, we are always in search of new techniques, strategies, and courses on how to improve. We strive to have a serious and meaningful impact on our learners\u00b4 lives.\u00a0 Last year, we were fortunate to have taken a course that not only changed our lives, but that also had an inspiring influence on our learners, our family, and our friends. In this article, we share parts of this journey, as well as some of our personal experiences and insights.<\/p>\n<p><strong>The Difference Between Teaching and Advising<\/strong><\/p>\n<p><strong>Gabriela Sag\u00e1stegui<\/strong><\/p>\n<p>Becoming an advisor is a journey that leads to profound transformation. There are substantial differences between the praxis and the <em>identity<\/em> of and advisor and a teacher.\u00a0 Perhaps that is why different definitions of what language learning advising is have been coined in the last years.<\/p>\n<p>Carson &amp; Mynard (2012) define Language Learning Advisor as an expert who is capable and has ample experience in teaching and learning a language. An advisor is knowledgeable about the resources, strategies and other activities inherent to language learning, and works in aspects that the learner considers relevant for her own learning process. Through advising, learners are empowered to \u201cdefine their needs, formulate learning goals, reflect on strategies for achieving these goals, monitor and evaluate learning outcomes and the learning process, and make decisions for further learning\u201d (Tassinari, 2016, p. 77).<\/p>\n<p>As member of the first cohort of the Diploma in Language Learning Advising at ITESO University in Guadalajara, Mexico, I started my training without having a clear concept of what advising really was. In retrospect, I must admit that I did not believe that advising could be so different from teaching or tutoring. Surprisingly, by the end of the course, I had developed a new identity.<\/p>\n<p>All the teachers taking the Language Learning Advising Diploma course had several years of teaching experience and training in what we thought was a student-centered approach. We used to believe that we had shifted from traditional teaching methods and had become facilitators of student learning. However, one of the most important lessons learned was that our methodologies, conceptions and attitudes as teachers were so deeply embedded in our identities, that it was hard to make room for other ways of interacting with our learners. It takes time, practice and confidence to master the necessary skills to start advising and to stop teaching.\u00a0 Once you start believing that the learner is capable of taking responsibility for her own leaning, a revelation occurs:\u00a0\u00a0 <em>language learning advising<\/em> becomes a path towards autonomy, freedom it opens the possibility of owning and directing our own learning.This revelation is what Holec (1981 p. 3) defines as autonomy:\u00a0 \u00a8the ability to take charge over one&#8217;s own learning\u201d.<\/p>\n<p>In order to achieve this level of autonomy, there must be disposition to abandon some of our deeply rooted beliefs and practices. Thus, training to become an advisor starts with an honest analysis and reflection about oneself, our motivations and aspirations as teachers.\u00a0 The greatest challenge is to let go of the teacher role in order to evolve, to interact with learners in different ways.<\/p>\n<p>Perhaps the most enlightening step of this transformative journey was becoming aware that being an advisor implies a closer human contact with learners. Advising means building bridges of trust by actively listening and establishing an <em>intentionally reflective dialogue.<\/em> According to Satoko Kato and Jo Mynard\u00a0 in\u00a0 <em>Reflective Dialogue: Advising in Language Learning<\/em> \u201cadvising in language learning is an intentional dialogue whose aim is for the learner to be able to reflect deeply, make connections, and take responsibility for his or her language learning\u201d (Kato &amp; Mynard, 2016, p. 2). Accompanying students in a non-directive manner also requires mastery of a series of cognitive and theoretical tools and practices that lead to real student-centered learning situations.<\/p>\n<p>Another cornerstone in the process of becoming an advisor, is revisiting our beliefs and assumptions about freedom; it is necessary to honestly analyze if we dare to exercise and respect freedom and autonomy.<\/p>\n<p>Towards the end of the Diploma in Language Learning Advising, I began to understand that being an advisor was about fostering a reflective dialogue in the learner so that according to her interests, multiple intelligences learning style, she is able to set her own goals and design her own route.<\/p>\n<p>Another important difference is the setting where advising takes place. Self-Access Language Centers are ideal spaces for learners to break free from the tight chains of traditional teaching and explore learning routes that are congruent with their unique needs and aspirations. Learners decide whether to participate in a conversation club, listen to music, watch a video or read to improve their language proficiency. The role of an advisor in such settings, is to foster reflection, and promote learning as opposed to limiting the learner\u2019s capacity to learn.<\/p>\n<p>Stepping out of our professor role to assume the identity of an advisor requires practice, awareness, self-reflection, peer-observation, constant dialogue with experts, and an open mind to receive feedback. It was necessary to feel vulnerable and inexperienced to be able to re-invent our advisor persona.<\/p>\n<p>Finally, I would like to emphasize the power of the reflective process that this change in roles implies. Becoming advisors has touched our lives in every way, deeply transforming us as well as the way we relate to others.<\/p>\n<p>We have reexamined many beliefs and practices, such as how to really listen to the other. Through trial and error, we have learnt and put into practice a wide range of tools and strategies to promote autonomous and meaningful learning and insightful reflection. In sum, becoming an advisor means being part of a transformational movement in education.<\/p>\n<p>I would like to conclude these reflections by comparing and contrasting some of the key differences between the role of a teacher and that of an advisor.<\/p>\n<p>Table 1. <em>Differences between the Role of Advisor and Teacher<\/em><em>.<\/em><\/p>\n<table width=\"589\">\n<tbody>\n<tr>\n<td width=\"295\"><em>TEACHER<\/em><\/td>\n<td width=\"295\"><em>ADVISOR<\/em> (<em>Mynard, 2011)<\/em><\/td>\n<\/tr>\n<tr>\n<td width=\"295\">Prescribes programmes.<\/td>\n<td width=\"295\">Assumes a transformative role.<\/td>\n<\/tr>\n<tr>\n<td width=\"295\">Monitors the learning process.<\/td>\n<td width=\"295\">Transfers the control to the advisee, becoming a mediator instead of assuming the role of \u00a8the expert\u00a8.<\/td>\n<\/tr>\n<tr>\n<td width=\"295\">Assessment is done taking into consideration the syllabus \/ standards.<\/td>\n<td width=\"295\">Activates the learner\u2019s reflective process.<\/td>\n<\/tr>\n<tr>\n<td width=\"295\">Context: the classroom.<\/td>\n<td width=\"295\">Promotes one-to-one dialogue, outside the classroom.<\/td>\n<\/tr>\n<tr>\n<td width=\"295\">Teaches lessons.<\/td>\n<td width=\"295\">Establishes a reflective dialogue, fostering deep reflection, autonomy and responsibility.<\/p>\n<p>&nbsp;<\/td>\n<\/tr>\n<\/tbody>\n<\/table>\n<p><strong>\u00a0<\/strong><\/p>\n<p><strong>Autonomy, Self-Acceptance and Emotions in Advising <\/strong><\/p>\n<p><strong>Laura Zurutuza\u00a0 <\/strong><\/p>\n<p>Training to become an advisor in my experience turned out to be a self-discovery maze. I soon found myself developing a new insight on events around me, and this process provided more questions than answers.<\/p>\n<p>As part of the training to become Language Advisors, we were asked to reflect on our personal process of becoming autonomous and share it with the rest of the team. I made many attempts to elaborate on it, but every time I felt something was missing and ended up thinking that I wasn&#8217;t inspired. A day before the due date, I finally asked myself the right question. \u201cWhy can&#8217;t I do this?\u201d The answer started to become clear. I couldn&#8217;t do it because I was trying to impress our leader, far from doing it from my autonomy, far from doing it from and for me.<\/p>\n<p>So, the next question appeared: why did I do the things I did? I began to reflect on how or why I made decisions. Most of my decisions were unconscious, therefore I couldn&#8217;t see them. Here is when it all began to make sense. The values by which I lived were made out of beliefs, assumptions, prejudices, and fears which all took me back to my childhood when I learned them, and there was a complete lack of insight on them.\u00a0 If my intention was to impress the team leader, then I needed her acceptance, and that was not what autonomy represents.<\/p>\n<p>How do I decide? As a teacher, am I also looking for acceptance? Is that why I need to feel useful in life? Is that why I had trained so hard all my professional life?<\/p>\n<p>All these answers were necessary for me to understand how I decided if \u201cmy\u201d students were \u201cgood\u201d or \u201cbad\u201d, and how they decided how to react to my influence. If their decisions were taken out of love and acceptance for themselves, then critical thinking would be a natural, obvious component of autonomous learning, that from my teacher&#8217;s role, would be interpreted as a rebellious and disobedient student. Likewise. If they decided from a fearful need for a good grade or acceptance, I would interpret it as a good, obedient, responsible student who needed me. Just what I needed then.<\/p>\n<p>I finally understood that I had never truly been autonomous, and training to become a Language Learning Advisor allowed me to free myself from my own undetected beliefs and emotions.<\/p>\n<p>It has become clear that reflecting in and on action, hand in hand with a group of ongoing advisor trainees who value the learner\u00b4s process, has changed my point of view as to what learning should be, and that is not through teaching, but through the validation and appreciation of learners\u00b4 uniqueness, through Advising. This challenge can only be achieved as long as we, advisors, are willing to acknowledge our own fears and vulnerability. If we can achieve this, then we will embrace self-acceptance and thus, accompany learners with true openness.<\/p>\n<p><strong>Communities of Practice<\/strong><\/p>\n<p><strong>Guillermina Arias<\/strong><\/p>\n<p>Our participation in the Language Learning Advisors Diploma helped us create and understand firsthand what a community of practice is: a social group created with the purpose of developing knowledge and skills, while sharing learning experiences based on shared reflection.<\/p>\n<p>I shall quote Etienne Wenger, the co-author of the book <em>Situated Learning. Legitimate Peripheral Participation<\/em> (Lave &amp; Wenger, 1991), who has studied this kind of communities of practice and has defined them as \u201ca group of people that share an interest, deepen their knowledge and experience in the field through a continuous interaction which strengthens their relationship\u201d(Lave &amp; Wenger, 1991, p 98). A community of practice has literacy, community, and practice.<\/p>\n<p>It is from this perspective that our true community of practice came to be. A space where together, we can build knowledge in accordance to Vygotsky\u2019s style; that is, participating, sharing similar experiences, and reflecting with a common interest. \u00a0\u00a0\u00a0\u00a0\u00a0\u00a0\u00a0\u00a0 This has not been an easy path, since we had to let go of our own teacher\u00b4s identity, being \u201cvulnerable\u201d as Gabriela Sagastegui mentioned. We had to expose our fears and weaknesses, but we could rely on a trusting team, where acceptance, respect, collaboration, and mutual help were always present.<\/p>\n<p>It is no easy task to give or receive feedback related to \u201cnegative\u201d aspects of our teaching and advising practice, but it was carried out from a humble and respectful position. This is precisely the area of opportunity that became the turning point towards growth and learning. The exchange led to the construction of knowledge. Our community embraced every one of us, as an emotional backup where looking for new options and strategies was allowed.<\/p>\n<p>I definitely believe that the group itself developed an identity of its own due to the fact that we spoke the same language, rhythm, sharing a common practice, a mutual understanding.<\/p>\n<p>Our Community of Practice provided an autonomy space, where dialogue, debate, and reflection were present at different levels. There was a chance to develop autonomy and each participant chose a course of action which he or she considered necessary to develop the basic knowledge and advising skills. But how? The course itself was designed to help us become aware of personal interests and motivated us to look for research material on a personal level in order to work independently and autonomously. The interactive forums and the feedback activities supported the construction of knowledge in an open and flexible manner.<\/p>\n<p>A very important characteristic of a community of practice which became evident to us, is that it is a \u201cliving organism\u201d, which works as a catalyst, expands just as ripples in the water giving the opportunity to open to dialogue from a personal perspective influencing a community\u00b4s perspective. Today, our Community of Practice is becoming a model for new cohorts in training. It is an alternative tool for our University\u2019s community too.<\/p>\n<p><strong>Conclusions<\/strong><\/p>\n<p>This journey has given us many insights. Language Learning Advisors share a common vision: a new era in education which is based on autonomy, and freedom. Becoming language learning advisors has shaped a new concept of what educators can be. Our\u00a0\u00a0 motivations and philosophy have changed as a result of an analysis of our educational practices.<\/p>\n<p>While a teacher focuses his efforts in helping students learn specific information for a specific purpose, an advisor aims at accompanying a learner into a self-reflective process in which the goal is for the learner to become aware of his own resources, interests as well as strengths and weaknesses. By learning how to learn, students become lifelong learners who trust their own abilities and become empowered to design their own learning project. Learning is not just obtaining information, but self-discovery and agency.<\/p>\n<p>Advisors require the strength to embrace their emotional inner world which tends to be hidden in order to project an image of self-efficiency and control. Learning to see oneself as a person, and accepting what this represents, becomes essential in the process of accompanying a learner into the self-discovery journey which is a critical step towards developing autonomy and self-awareness. Acceptance and respect for learners and the true conviction that they can lead their own learning journeys is at the core of this new philosophy.\u00a0 We are at the brink of a new era in education, where advising is the catalyst of change.<\/p>\n<p><strong>\u00a0<\/strong><strong>Notes on the contributors<\/strong><\/p>\n<p>Guillermina Arias-Sais earned her M.A. in Teaching English as a Foreign Language from the University of Saint Mark and Saint John, Plymouth, U.K. She currently works at Departamento de Lenguas, ITESO as an online teacher and a language advisor. Her research interests focus on culture and feelings in language learning, as well as language learners&#8217; autonomy and self-access centers.<\/p>\n<p>Esperanza Espejo-Regalado has a M.A. in Family Systems Therapy and a bachelor&#8217;s degree in psychology, as she has always wanted to help people. She currently works as an English teacher at ITESO\u2019s Department of Languages since 2011. She has special interest in promoting learner autonomy so that they can take control of their own learning.<\/p>\n<p>Laura Gabriela Sag\u00e1stegui Rodr\u00edguez is a professor and language learning Advisor at ITESO University, in Mexico. She is an online advisor at The Writing Desk.\u00a0 She holds a M.A.\u00a0 in Humanities and a Post-Graduate Certificate in TESOL from Saint Mark and Saint John University, Plymouth, UK. Her research interests are student autonomy, motivation and intercultural language education.<\/p>\n<p>Laura Mar\u00eda Zurutuza Roaro has a degree in Graphic, Textile Design and has been an English teacher for more than thirty years during which time she got the ICELT Certification. She is currently studying an M.A. in Human Development focused on Language Teachers\u00b4 well-being which she considers the root of effective and affective teaching. She is also part of the advisors&#8217; team at ITESO as she continues to teach English in the institution.<\/p>\n<p><strong>References<\/strong><\/p>\n<p>Carson, L., &amp; Mynard, J.\u00a0 (Eds.) (2012). <em>Advising in language learning. Dialogue, tools and context<\/em>. Harlow, UK: Pearson.<\/p>\n<p>Holec, H. (1981) <em>Autonomy in Foreign Language Learning<\/em>. Oxford: Pergamon.<\/p>\n<p>Kato, S., &amp; Mynard, J. (2016). <em>Reflective Dialogue: Advising in Language Learning<\/em> (1 edition). New York, NY: Routledge.<\/p>\n<p>Lave, J., &amp; Wenger, E. (1991). <em>Situated learning: Legitimate peripheral participation<\/em>. Cambridge England: Cambridge University Press.<\/p>\n<p>Mynard, J. (2011). The role of the learning advisor in promoting autonomy. <em>Learner Autonomy in Language Learning<\/em>,<em> 2011 <\/em>(January). Retrieved from https:\/\/ailarenla.org\/lall<\/p>\n<p>Tassinari, M. G. (2016). Emotions and feelings in language advising discourse. In C. Gkonou, D. Tatzl, &amp; S. Mercer (Eds.), <em>New Directions in Language Learning Psychology<\/em> (pp. 71-96). Basel: Springer https:\/\/doi.org\/10.1007\/978-3-319-23491-5_6<\/p>\n<p>&nbsp;<\/p>\n<p>&nbsp;<\/p>\n","protected":false},"excerpt":{"rendered":"<p>Guillermina Arias-Sais Esperanza Espejo-Regalado Laura Gabriela Sag\u00e1stegui Rodr\u00edguez Laura Mar\u00eda Zurutuza Roaro Arias-Sais, G.,\u00a0Espejo-Regalado, E.,\u00a0Sag\u00e1stegui Rodr\u00edguez, L. G., &amp; Zurutuza Roaro, L. M. (2019). From teachers to advisors: A self-discovery journey. Relay Journal, 2(2), 394-403.\u00a0https:\/\/doi.org\/10.37237\/relay\/020213 [Download paginated PDF version] *This page reflects the original version of this document. Please see PDF for most recent and &hellip; <a href=\"https:\/\/kuis.kandagaigo.ac.jp\/relayjournal\/issues\/sep19\/arias-sais_et_al\/\" class=\"more-link\">Continue reading<span class=\"screen-reader-text\"> &#8220;From Teachers to Advisors: A Self-discovery Journey&#8221;<\/span><\/a><\/p>\n","protected":false},"author":6,"featured_media":0,"parent":1174,"menu_order":0,"comment_status":"open","ping_status":"closed","template":"","meta":[],"_links":{"self":[{"href":"https:\/\/kuis.kandagaigo.ac.jp\/relayjournal\/wp-json\/wp\/v2\/pages\/1258"}],"collection":[{"href":"https:\/\/kuis.kandagaigo.ac.jp\/relayjournal\/wp-json\/wp\/v2\/pages"}],"about":[{"href":"https:\/\/kuis.kandagaigo.ac.jp\/relayjournal\/wp-json\/wp\/v2\/types\/page"}],"author":[{"embeddable":true,"href":"https:\/\/kuis.kandagaigo.ac.jp\/relayjournal\/wp-json\/wp\/v2\/users\/6"}],"replies":[{"embeddable":true,"href":"https:\/\/kuis.kandagaigo.ac.jp\/relayjournal\/wp-json\/wp\/v2\/comments?post=1258"}],"version-history":[{"count":5,"href":"https:\/\/kuis.kandagaigo.ac.jp\/relayjournal\/wp-json\/wp\/v2\/pages\/1258\/revisions"}],"predecessor-version":[{"id":1810,"href":"https:\/\/kuis.kandagaigo.ac.jp\/relayjournal\/wp-json\/wp\/v2\/pages\/1258\/revisions\/1810"}],"up":[{"embeddable":true,"href":"https:\/\/kuis.kandagaigo.ac.jp\/relayjournal\/wp-json\/wp\/v2\/pages\/1174"}],"wp:attachment":[{"href":"https:\/\/kuis.kandagaigo.ac.jp\/relayjournal\/wp-json\/wp\/v2\/media?parent=1258"}],"curies":[{"name":"wp","href":"https:\/\/api.w.org\/{rel}","templated":true}]}}