{"id":1542,"date":"2020-03-25T15:49:27","date_gmt":"2020-03-25T06:49:27","guid":{"rendered":"https:\/\/kuis.kandagaigo.ac.jp\/relayjournal\/?page_id=1542"},"modified":"2020-07-29T15:34:27","modified_gmt":"2020-07-29T06:34:27","slug":"hooper","status":"publish","type":"page","link":"https:\/\/kuis.kandagaigo.ac.jp\/relayjournal\/issues\/jan20\/hooper\/","title":{"rendered":"A Pilot Case Study of a Student Learning Community"},"content":{"rendered":"<p><strong>Daniel Hooper, Kanda University of International Studies<\/strong><\/p>\n<p>Hooper, D. (2020).\u00a0A pilot case study of a student learning community.\u00a0<em>Relay Journal, 3(1), 140-145.\u00a0https:\/\/doi.org\/10.37237\/relay\/030111<\/em><\/p>\n<p>[<a href=\"https:\/\/drive.google.com\/file\/d\/1NqwaCLKlVyHhAdMhlMuAzSf0W6klyX8F\/view?usp=sharing\">Download paginated PDF version<\/a>]<\/p>\n<p><span style=\"color: #ff0000;\">*This page reflects the original version of this document. Please see PDF for most recent and updated version.<\/span><\/p>\n<p>Abstract<\/p>\n<p>This short article summarizes a pilot study for an ongoing longitudinal case study into a student-managed language learning community within a university self-access center in Japan. Utilizing a communities of practice conceptual framework (Lave &amp; Wenger, 1991; Wenger, 1998; Wenger-Trayner &amp; Wenger-Trayner, 2015), this study is investigating the dynamics of the learning community and its place within a larger institutional and sociocultural setting. In addition, a key focus of this research is the process of community leadership socialization and succession that takes place over a two-year period. In this summary, the research aims, theoretical foundations, methodological approach, preliminary findings, and future directions of the study are all provided. Through detailed analysis of community dynamics, institutional support, and the leadership succession process, it is hoped that this research will provide insights that can help inform learning community support and guidance within self-access contexts.<\/p>\n<p><em>Keywords<\/em>: communities of practice, self-access, sociocultural theory, leadership succession<\/p>\n<p>&nbsp;<\/p>\n<p>This is a summary of a recently completed pilot study for a larger two-year longitudinal case study of a student learning community (SLC) within a university self-access learning center (SALC). The learning community that this study centers on represents an interesting example of a student-managed learning community in which learners meet outside of regular classes in order to collaboratively develop their spoken English ability. As this community clearly exemplifies autonomous language learning, investigation into the practices of the community as a whole and its individual members could provide useful insights for self-access administrators and facilitators regarding the potential affordances and challenges that learning communities present.<\/p>\n<p>Very little research to date has focused on learning communities within SALCs (Bal\u00e7\u0131kanl\u0131, 2018; Kanai &amp; Imamura, 2019; Murray &amp; Fujishima, 2016; Watkins, forthcoming) and there has been increasing interest in self-access within higher education in Japan (Mynard, 2019). Consequently, detailed examination of the dynamics and history of a SLC could assist SALC administrators and staff in developing effective strategies to support and promote sustainable SLCs while ensuring the communities\u2019 autonomy is not encroached upon. Arguably, within higher education contexts, one pivotal issue related to the sustainability of SLCs is leadership succession. Due to the fact that most members have a four-year \u201cshelf life\u201d as they will eventually graduate from the institution, the survival or dissolution of SLCs is hinged upon whether or not new generations of leaders are created to continue the stewardship of the communities. For this reason, this study specifically focuses on how active members of the community are socialized into core leadership roles and how they negotiate the transition.<\/p>\n<p><strong>Communities of Practice<\/strong><\/p>\n<p>The theoretical framework for this project is based on Lave and Wenger\u2019s (1991) and Wenger\u2019s (1998) work on communities of practice (CoPs). Wenger-Trayner and Wenger-Trayner (2015) describe CoPs as \u201cgroups of people who share a concern or a passion for something they do and learn how to do it better as they interact regularly\u201d (p. 1). The theory underpinning CoPs has evolved considerably over the last three decades (Cox, 2005; Kimble, 2006), but one of the more persistent claims is that CoPs are defined by the presence of three key elements: the <em>domain<\/em>, <em>community<\/em>, and <em>practice<\/em>. The <em>domain<\/em> refers to the shared purpose or common goal of the members, the <em>community<\/em> is the interaction of members as they share knowledge and help each other, and <em>practice<\/em> relates to the resources, knowledge, and strategies that the group develops and maintains (Wenger, McDermott, &amp; Snyder, 2002; Wenger-Trayner &amp; Wenger-Trayner, 2015). A more prevalent focus in more recent CoP research (Wenger-Trayner, Fenton O&#8217;Creevy, Hutchinson, Kubiak, &amp; Wenger-Trayner, 2014) is the role of community boundaries and the brokering practices that help to both negotiate tensions and facilitate learning between different CoPs.<\/p>\n<p>Despite the theory behind CoPs being highly-cited and applied to a vast range of fields of inquiry (Farnsworth, Kleanthous, &amp; Wenger-Trayner, 2016), the theory is not without its critics. Some of the most enduring criticism of the theory is based on insufficient consideration for the influence of larger issues of power on CoPs as well as a lack of focus on the individuals in CoPs and the unique histories and perspectives they bring with them (Billet, 2007; Hodkinson &amp; Hodkinson, 2004). This project hopes to build on the existing CoP research while attempting to address some of these criticisms from the literature.<\/p>\n<p><strong>Methods and Participants<\/strong><\/p>\n<p>In the pilot for this study, purposeful sampling was conducted via a questionnaire distributed to 13 members of the SLC. From that number, six members who consented to participate in the full study were selected based on the duration of their participation in the community (two community leaders, four regular community members). In addition to these community participants, two semi-structured interviews were conducted with the learning community coordinator in the SALC where the study was based due to their detailed knowledge of the community\u2019s historical development and their key role as an intermediary between the institution and the community. The study to date featured four distinct data sources \u2013 questionnaire data, language learning histories, semi-structured interviews, and community artifacts. In addition to informing participant sampling, the initial questionnaire data also provided information on learners\u2019 perceived purpose of membership of the community.<\/p>\n<p>The selected six participants then carried out oral language learner histories (in English and\/or Japanese) where they described their language learning experiences to date, as well as their future learning goals. The rationale behind including this data was that it provided detailed description of the unique and complex histories and beliefs that members bring into the community, which ultimately contribute to shaping it. Some critical voices have claimed that in some CoP-focused research, participants are often portrayed not as individuals, but simply as members of a broad group such as \u201cinsurance processors\u201d or \u201clanguage learners\u201d (Billett, 2007; Hodkinson &amp; Hodkinson, 2004). By analyzing participants\u2019 language learning histories along with detailed interviews about their current experiences in the CoP, it is hoped that this study will be able to provide a richer description of the bidirectional way in which community influences individual and vice versa.<\/p>\n<p>Two interview protocols (for core members and active members, respectively) for the semi-structured interviews were grounded in the domain, community, and practice elements of the CoP framework. The interviews were then transcribed and later analyzed through open-coding and typological analysis (Hatch, 2002) to identify any emergent themes from the data. Upon analysis of the language learning histories and interview data, validity checks were conducted by member-checking sessions with each participant. These sessions were also recorded, transcribed, and analyzed using open thematic coding and typological analysis based on the CoP framework.<\/p>\n<p><strong>Summary of Data<\/strong><\/p>\n<p>Although preliminary, this study has revealed the dynamic and multifaceted nature of this learning community and its members. In terms of <em>domain<\/em>, the primary purpose for attending the community appears to be to develop spoken English ability by discussing everyday topics. However, this stated purpose is also colored by a variety of other roles emerging from the community\u2019s history such as it being a place to socialize with other internationally-oriented students and an accessible venue standing in contrast to a more intimidating English-only conversation area in the SALC.<\/p>\n<p>In terms of <em>community<\/em>, this group of learners was found to have a distinct core group of three organizers who each had clearly defined roles related to how the community ran on a weekly basis and how they supported regular members. Several of the active members marked these organizers as potential role models both linguistically and in terms of their personalities. This core group, in turn, was being influenced to varying degrees by the advice and instruction of the previous leader who had utilized a strongly autonomy-supportive style of leadership. What superficially seemed like a fairly linear hierarchical relationship was made more complex by the beliefs of the previous and current community leaders, as well as the learning community coordinator. These individuals often problematized the hierarchical <em>senpai-kohai<\/em> (senior-junior) dynamic traditionally prevalent in Japanese institutions (Haghirian, 2010) as they felt, to varying degrees, that it impeded opportunities for free expression and learning.<\/p>\n<p>The community\u2019s <em>practice<\/em> was manifested in a number of different forms. One of the more notable examples of tools\/practices deployed over the history of the CoP in order to address its enduring challenges and concerns was the language policy. Early in the community\u2019s history, to maintain the community\u2019s accessibility, key CoP members decided that members should be given opportunities to draw on their L1 to scaffold their conversation in English. Many of the current members stated that being given time to plan out their utterances collaboratively in Japanese helped them to contribute more actively to English discussion and also led to a lower-pressure learning environment. At the same time these members also emphasized that L1 use should be principled and expressed concern about it bleeding into time reserved for English use.<\/p>\n<p><strong>Future Directions<\/strong><\/p>\n<p>Although the results from this pilot study have revealed a number of interesting avenues of inquiry related to this autonomous language learning SLC, there are a number of adjustments that I feel need to be made as I move into my full study. The first addition is that I am planning to incorporate participant observation as part of my methodology. As this study has progressed, I have become increasingly aware of the complexity of the community\u2019s practice and the diverse affordances and tensions that underpin it. Partially influenced by a previous research project investigating a social learning space that I was involved in (Mynard et al., in press), I came to understand the importance of viewing first-hand the behaviors exhibited by participants within a learning space\u2014essentially viewing <em>practice<\/em> from the sidelines. I will also be able to view this practice through the community\u2019s Line group (an \u201cartifact\u201d created by the community in a social communication app) that I was invited to join recently by the community leaders. Finally, in order to further monitor members\u2019 perspectives on the \u201chealth\u201d of the community, once per semester I will also be utilizing an adapted version of the Classroom Community Scale (Rovai, 2002), an established instrument for measuring perceptions of connectedness, sense of community, and learning. It is hoped that these additional data sources will allow me to triangulate my interview data and language learning histories as well as provide a deeper understanding of the SLC\u2019s domain, community, and practice.<\/p>\n<p>A further addition that I believe will be valuable in helping me to understand the situatedness of the community within the SALC and the institution at large is a greater focus on the perspectives of the SALC management towards the learning communities. I believe that the Learning Communities Coordinator and the community members all represent an entity within the larger institutional communities of practice of the SALC and the university as a whole. How these key organizational players manage conflicting interests and beliefs within the institution is key to the viability and continuation of SLCs in self-access settings and therefore deserves an increased focus within my study.<\/p>\n<p><strong>Notes on the contributor<\/strong><\/p>\n<p>Daniel Hooper has taught in Japan since 2006 and is currently a lecturer in the English Language Institute at Kanda University of International Studies. His research interests include English instruction in eikaiwa, teacher and learner identity, and learning communities.<\/p>\n<p><strong>References<\/strong><\/p>\n<p>Bal\u00e7\u0131kanl\u0131, C. (2018). The &#8216;English Caf\u00e9&#8217;. In G. Murray &amp; T. Lamb (Eds.), <em>Space, place and autonomy in language learning<\/em> (pp. 61-75). Abingdon, UK: Routledge.<\/p>\n<p>Billett, S. (2007). Including the missing subject: Placing the personal within the community. In J. Hughes, N. Jewson, &amp; L. Unwin (Eds.), <em>Communities of practice: Critical perspectives<\/em> (pp. 55-67). Abingdon, UK: Routledge.<\/p>\n<p>Cox, A. (2005). What are communities of practice? A critical review of four seminal works. <em>Journal of Information Science, 31<\/em>, 527-540.<\/p>\n<p>Farnsworth V., Kleanthous, I., &amp; Wenger-Trayner, E. (2016). Communities of practice as a social theory of learning: A conversation with Etienne Wenger. <em>British Journal of Educational Studies,<\/em> <em>64<\/em>(2), 139-160.<\/p>\n<p>Haghirian, P. (2010). <em>Understanding Japanese management practices<\/em>. New York, NY: Business Expert Press.<\/p>\n<p>Hatch, J. A. (2002). <em>Doing qualitative research in education settings<\/em>. Albany, NY: State University of New York Press.<\/p>\n<p>Hodkinson, P., &amp; Hodkinson, H. (2004). A constructive critique of communities of practice: Moving beyond Lave and Wenger. <em>OVAL Research Working Paper,<\/em> <em>4<\/em>(2), 1-15.<\/p>\n<p>Kanai, H., &amp; Imamura, Y. (2019). Why do students keep joining Study Buddies? A case study of a learner-led learning community in the SALC. <em>independence,<\/em> <em>35<\/em>, 31-34.<\/p>\n<p>Kimble, C. (2006). Communities of practice: Never knowingly undersold. In E. Tomodaki &amp; P. Scott (Eds.), <em>Innovative approaches for learning and knowledge sharing <\/em>(pp. 218-234). EC-TEL 2006 Workshops Proceedings.<\/p>\n<p>Lave, J., &amp; Wenger, E. (1991). <em>Situated learning: Legitimate peripheral participation.<\/em> New York, NY: Cambridge University Press.<\/p>\n<p>Murray, G., &amp; Fujishima, N. (2016). <em>Social spaces for language learning: Stories from the L-caf\u00e9. <\/em>London, UK: Palgrave Macmillan.<\/p>\n<p>Mynard, J. (2019). Perspectives on self-access in Japan: Are we simply catching up with the rest of the world? <em>M\u00e9langes Crapel: Revue en didactique des langues et sociolinguistique, 40<\/em>(1), 14-27.<\/p>\n<p>Mynard, J., Burke, M., Hooper, D., Kushida, B., Lyon, P., Sampson, R., &amp; Taw, P. (in press). <em>Dynamics of a social language learning community: Beliefs, membership and identity.<\/em> Bristol, UK: Multilingual Matters.<\/p>\n<p>Rovai, A. P. (2002). Development of an instrument to measure classroom community. <em>Internet and Higher Education,<\/em> <em>5<\/em>, 197-211.<\/p>\n<p>Watkins, S. (forthcoming). Creating social language learning opportunities outside the classroom: A narrative analysis of learners\u2019 experiences in interest-based learning communities. In J. Mynard &amp; S. Shelton-Strong (Eds.),\u00a0<em>Autonomy support beyond the language learning classroom: A self-determination theory perspective.<\/em><\/p>\n<p>Wenger, E. (1998). <em>Communities of practice: Learning, meaning, and identity.<\/em> New York, NY: Cambridge University Press.<\/p>\n<p>Wenger, E., McDermott, R., &amp; Snyder, W. M. (2002).\u00a0<em>Cultivating communities of practice: A guide to managing knowledge.\u00a0<\/em>Boston, MA: Harvard Business School Press.<\/p>\n<p>Wenger-Trayner, E., Fenton O&#8217;Creevy, M., Hutchinson, S., Kubiak, C., &amp; Wenger-Trayner, B. (2014). <em>Learning in landscapes of practice: Boundaries, identity and knowledgability in practice-based learning.<\/em> London, UK: Routledge.<\/p>\n<p>Wenger-Trayner, E., &amp; Wenger-Trayner, B. (2015). <em>Communities of practice: A brief introduction <\/em>[PDF file]. Retrieved from http:\/\/wenger-trayner.com\/wp-content\/uploads\/2015\/04\/07-Brief-introduction-to-communities-of-practice.pdf<\/p>\n<p>&nbsp;<\/p>\n<p>&nbsp;<\/p>\n","protected":false},"excerpt":{"rendered":"<p>Daniel Hooper, Kanda University of International Studies Hooper, D. (2020).\u00a0A pilot case study of a student learning community.\u00a0Relay Journal, 3(1), 140-145.\u00a0https:\/\/doi.org\/10.37237\/relay\/030111 [Download paginated PDF version] *This page reflects the original version of this document. Please see PDF for most recent and updated version. Abstract This short article summarizes a pilot study for an ongoing longitudinal &hellip; <a href=\"https:\/\/kuis.kandagaigo.ac.jp\/relayjournal\/issues\/jan20\/hooper\/\" class=\"more-link\">Continue reading<span class=\"screen-reader-text\"> &#8220;A Pilot Case Study of a Student Learning Community&#8221;<\/span><\/a><\/p>\n","protected":false},"author":6,"featured_media":0,"parent":1540,"menu_order":0,"comment_status":"open","ping_status":"closed","template":"","meta":[],"_links":{"self":[{"href":"https:\/\/kuis.kandagaigo.ac.jp\/relayjournal\/wp-json\/wp\/v2\/pages\/1542"}],"collection":[{"href":"https:\/\/kuis.kandagaigo.ac.jp\/relayjournal\/wp-json\/wp\/v2\/pages"}],"about":[{"href":"https:\/\/kuis.kandagaigo.ac.jp\/relayjournal\/wp-json\/wp\/v2\/types\/page"}],"author":[{"embeddable":true,"href":"https:\/\/kuis.kandagaigo.ac.jp\/relayjournal\/wp-json\/wp\/v2\/users\/6"}],"replies":[{"embeddable":true,"href":"https:\/\/kuis.kandagaigo.ac.jp\/relayjournal\/wp-json\/wp\/v2\/comments?post=1542"}],"version-history":[{"count":8,"href":"https:\/\/kuis.kandagaigo.ac.jp\/relayjournal\/wp-json\/wp\/v2\/pages\/1542\/revisions"}],"predecessor-version":[{"id":1794,"href":"https:\/\/kuis.kandagaigo.ac.jp\/relayjournal\/wp-json\/wp\/v2\/pages\/1542\/revisions\/1794"}],"up":[{"embeddable":true,"href":"https:\/\/kuis.kandagaigo.ac.jp\/relayjournal\/wp-json\/wp\/v2\/pages\/1540"}],"wp:attachment":[{"href":"https:\/\/kuis.kandagaigo.ac.jp\/relayjournal\/wp-json\/wp\/v2\/media?parent=1542"}],"curies":[{"name":"wp","href":"https:\/\/api.w.org\/{rel}","templated":true}]}}