{"id":181,"date":"2018-01-30T15:13:31","date_gmt":"2018-01-30T06:13:31","guid":{"rendered":"https:\/\/kuis.kandagaigo.ac.jp\/relayjournal\/?page_id=181"},"modified":"2023-11-16T13:28:03","modified_gmt":"2023-11-16T04:28:03","slug":"tassinari","status":"publish","type":"page","link":"https:\/\/kuis.kandagaigo.ac.jp\/relayjournal\/issues\/jan18\/tassinari\/","title":{"rendered":"A Dynamic Model for Autonomy: Self-Assessment as Reflection"},"content":{"rendered":"<p><strong>Maria Giovanna Tassinari, Freie Universit\u00e4t Berlin, Germany<\/strong><\/p>\n<p>Tassinari, M. G. (2018). A dynamic model for autonomy: Self-assessment as reflection. <em>Relay<\/em><em> Journal, 1<\/em>(1), 47-54.\u00a0https:\/\/doi.org\/10.37237\/relay\/010104<\/p>\n<p><a href=\"https:\/\/drive.google.com\/file\/d\/1hTty0nn4lsasQkvV4kOEuxGioG1xTLeK\/view?usp=sharing\" target=\"_blank\" rel=\"noopener\">Download paginated PDF version<\/a><\/p>\n<p><span style=\"color: #ff0000;\">*This page reflects the original version of this document. Please see PDF for most recent and updated version.<\/span><\/p>\n<p><em>Keywords<\/em>: learner autonomy, assessment, self-assessment, reflection, dynamic model, language advising<\/p>\n<p>Self-assessment, as the independent judgment of the learner on their own competencies or achievements, ideally based upon self-determined criteria (Kleppin, 2005, p. 107), aims at raising the learner\u2019s awareness of their strengths and progress within the language learning process and is therefore crucial in autonomization processes. Beside self-assessment of language proficiency, self-assessment of learning competences and competences for autonomy should be integrated into the language learning process. However, since autonomy is a complex and fluctuating construct, it is advisable to encourage self-assessment with qualitative and dynamic tools which allow learners to reflect on their competences and goals at different times of the learning process and with different focuses. The dynamic model for autonomy (Tassinari, 2010, 2015) was conceived to describe autonomy in its complexity and to support reflection. In this contribution, I will briefly describe the dynamic model and illustrate a procedure for self-assessment and reflection in self-directed learning contexts.<\/p>\n<p><strong>The Dynamic Model for Autonomy<\/strong><\/p>\n<p>The dynamic model for autonomy is based on a definition of autonomy as a complex construct of learner competences, as the metacapacity of the learner to control and self-direct their own learning in different ways according to their needs and to the situation. As a multidimensional construct, autonomy entails following components:<\/p>\n<ul>\n<li style=\"list-style-type: none;\">\n<ul>\n<li style=\"list-style-type: none;\">\n<ul>\n<li>a cognitive and metacognitive component (cognitive and metacognitive knowledge, awareness, learners\u2019 beliefs, represented in the model as \u2018structuring knowledge\u2019);<\/li>\n<li>an affective component (feelings, emotions, represented in the model as \u2018dealing with my feelings\u2019)<\/li>\n<li>a motivational component (willingness, motivation, represented in the model as \u2018motivating myself\u2019);<\/li>\n<li>an action-oriented component (skills, learning behaviors, decisions, represented in the model as \u2018planning\u2019, \u2018choosing \u2018materials and methods\u2019, \u2018completing tasks\u2019, \u2018monitoring\u2019 and \u2018evaluating\u2019);<\/li>\n<li>a social component (learning and negotiating learning with partners, advisors, teachers, within and outside the institutional context, represented in the model as \u2018cooperating\u2019);<\/li>\n<li>a metastrategic component (the capacity to orchestrate all components, represented in the model as \u2018managing my learning\u2019) (Tassinari, 2010, pp. 124\u2013126).<\/li>\n<\/ul>\n<\/li>\n<\/ul>\n<\/li>\n<\/ul>\n<p>As shown in Figure 1, the dynamic model (<a href=\"http:\/\/www.sprachenzentrum.fu-berlin.de\/slz\/index.html\">www.sprachenzentrum.fu-berlin.de\/slz\/index.html<\/a>) takes the form of a sphere and entails all these dimensions, closely intertwined, as shown by the arrows connecting them. Although all these components closely interact with each other in the autonomous language learning process, having these distinctions among them is useful to both learners and teachers or advisors, as actors of the learning and supporting process, so that they can better reflect on different competences, skills and strategies according to their needs and use opportunities that present themselves in the language learning context to improve and enhance them.<\/p>\n<p><img loading=\"lazy\" class=\"aligncenter wp-image-109\" src=\"https:\/\/kuis.kandagaigo.ac.jp\/relayjournal\/wp-content\/uploads\/2018\/01\/1106-Tassunari-300x300.jpg\" alt=\"\" width=\"500\" height=\"500\" srcset=\"https:\/\/kuis.kandagaigo.ac.jp\/relayjournal\/wp-content\/uploads\/2018\/01\/1106-Tassunari-300x300.jpg 300w, https:\/\/kuis.kandagaigo.ac.jp\/relayjournal\/wp-content\/uploads\/2018\/01\/1106-Tassunari-150x150.jpg 150w, https:\/\/kuis.kandagaigo.ac.jp\/relayjournal\/wp-content\/uploads\/2018\/01\/1106-Tassunari.jpg 608w\" sizes=\"(max-width: 500px) 85vw, 500px\" \/><\/p>\n<ul>\n<li style=\"list-style-type: none;\">\n<ul>\n<li style=\"list-style-type: none;\">\n<p style=\"text-align: center;\">Figure 1. The Dynamic Model for Autonomy (Tassinari, 2010)<\/p>\n<p><strong><em>The descriptors<\/em><\/strong><\/p>\n<p>Each component of the dynamic model has a set of descriptors, with specific statements about competencies, skills and behaviors, formulated as can-do statements (for example, \u2018I can organize a time and a place for my learning\u2019; \u2018I can set myself a task\u2019; \u2018I can recognize my strengths and weaknesses as a learner and reflect on these\u2019). Together, these descriptors constitute a checklist covering manifold aspects of autonomous language learning; however, they are not intended to be exhaustive or normative, but rather serve as a spectrum of competences which function as a tool in raising learners\u2019 awareness of autonomous language learning processes. In addition, for each component learners can formulate their own descriptors. The full list of descriptors is available online.<\/p>\n<p>Similarly, in common with the descriptors of language portfolios, these descriptors are provided with a qualitative answer system (\u2018I can do it\u2019 \u2018I would like to learn it\u2019, \u2018This is not important to me\u2019). This means that there is no hierarchy among the components and the descriptors, in order to allow learners to choose freely the components and the descriptors upon which they would like to reflect and assess themselves.<\/p>\n<p><strong><em>The dynamics<\/em><\/strong><\/p>\n<p>This model is structurally and functionally dynamic. It is structurally dynamic, because each component is directly related to all the others. It is functionally dynamic, because learners undertaking self-assessment can decide to enter the model from any component and move freely from one component to another without following a given path, according to their needs and purposes. For example, they can start with \u2018planning\u2019 if they would like to focus on this aspect of the learning process (for example, \u2018I can analyze my own needs\u2019; \u2018I can set myself goals\u2019; \u2018I can put together a learning plan\u2019); and then move to \u2018evaluating\u2019, or to \u2018motivating myself\u2019, or to any other component they want to reflect upon. This dynamic feature is an essential characteristic of the model, and makes it possible both to account for the complexity of learner autonomy and to operationalize the construct, breaking it down in smaller portions. On the online version of the dynamic model, the interrelationships among the components and the descriptors are represented by hyper-textual links.<\/p>\n<p><strong>A Dynamic and Dialogical Approach for Self-Assessment<\/strong><\/p>\n<p>A prerequisite for the self-assessment process is the learner\u2019s willingness to assess their own learning competencies. Therefore, the use of the dynamic model is voluntary, rather than imposed. The self-assessment can be conducted either in language advising or in classroom settings. Whereas in advising settings the advisor can suggest the self-assessment to the learner individually, in classroom settings the teacher can link the self-assessment process to a series of peer and\/or group activities aiming at developing autonomy.<\/p>\n<p>The steps of the self-assessment process are:<\/p>\n<p style=\"padding-left: 30px;\">a) Getting started;<br \/>\nb) Choosing components and descriptors;<br \/>\nc) Assessing one\u2019s own competences;<br \/>\nd) Comparing perspectives.<\/p>\n<\/li>\n<\/ul>\n<\/li>\n<li style=\"list-style-type: none;\">In the first stage, learners are encouraged to reflect on their previous experience as well as their beliefs regarding autonomous language learning. In advising settings, this reflection can be conducted by the learner alone before the advising session, as a written text, using the prompts in the \u2018Getting started\u2019 section (for example, \u2018How do you understand autonomous language learning?\u2019; \u2018What is your opinion about autonomous language learning?\u2019; \u2018Do you already have experience of autonomous language learning? If so, describe it briefly.\u2019). Alternatively, the learner can discuss this topic with the language advisor during the advising session. In classroom settings, the reflection can be conducted with a peer or in small groups and eventually discussed in plenary. This process of reflection can be very useful, since learners\u2019 perceptions, beliefs and previous experiences may strongly influence their attitude towards (autonomous) language learning, their decision-making, and, ultimately, the learning process itself (see Barcelos &amp; Kalaya, 2011; Cotterall, 1995, 1999; Navarro &amp; Thornton, 2011).<\/li>\n<\/ul>\n<p>In the second phase of the self-assessment process (choosing components and descriptors), it is important that learners autonomously decide which aspects of their learning process they would like to reflect upon and thus select themselves the focus of their self-assessment according to their needs, choosing one or more components and, for each component, the descriptors they believe are relevant to their particular language learning process. In classroom settings, the teacher can also suggest specific tasks, such as implementing an individual learning plan, or choosing resources and tasks for individual objectives, and link them to the reflection upon the respective components and\/or descriptors.<\/p>\n<p>The third step is the actual self-assessment (assessing one\u2019s own competences) with the descriptors, comparing the statements with one\u2019s own experience in the language learning process. In advising settings, this step can be tackled when the learner is alone, rather than in the advising session, so that they are free of pressure regarding time and can answer the questions within an environment in which they feel comfortable. In classroom settings, the self-assessment can be done with a peer. Exchanging views with a peer can be useful for learners who are not experienced in self-assessment.<\/p>\n<p>The final phase (comparing perspectives) involves discussing the outcome of the self-assessment with the advisor (or with the teacher in classroom settings). This is a key element in the assessment for autonomy, since it integrates the assessment within a pedagogical dialogue where the advisor and the learner reflect together and compare their perspectives on the learner\u2019s competences and on the learning process.<\/p>\n<p>This pedagogical dialogue is the core of the assessment process and crucial for the development of learner autonomy (Little, 1995). In language advising settings, the reflective dialogue can be structured according to the learner\u2019s needs and attitudes (see Kelly, 1996; Mozzon-McPherson, 2012; Kato &amp; Mynard, 2015). The pedagogical dialogue enhances reflection and supports learners in the self-assessment process, which can be very challenging for learners if they are not used to it.<\/p>\n<p>While the descriptors allow the learner\u2019s inner perspective to interact with an external perspective on autonomous language learning, the pedagogical dialogue with the advisor (or the teacher) offers to the learner a further external perspective on their reflection, and has the potential to unleash meaningful interaction, to bring to the surface and to elicit learner\u2019s beliefs and understandings.<\/p>\n<p>Through this process, learners are enabled to reflect deeply, without constraints on their learning. After having chosen themselves the focus of their self-assessment, in the advising session they can initiate relevant topics for discussion, gain insights into their own attitudes and competences and establish the basis for future decision-making. This capacity for reflection and consequent action is both the aim and the outcome of the assessment process.<\/p>\n<p>This assessment is merely formative and qualitative, resulting in enhancing metacognitive processes and, most importantly, it can be repeated, when and as needed, with the learner changing the focus, if they need so. The dynamic model\u2019s features and the qualitative, recursive approach contribute to making the self-assessment of autonomy a dynamic process.<\/p>\n<p><strong>Assessment Practices for Autonomy<\/strong><\/p>\n<p>The self-assessment of autonomy within a pedagogical dialogue as illustrated above is valuable not only for the learner, but also for the advisor or the teacher, since it provides insights regarding strengths and weaknesses of the learner and to pinpoint areas in which learners need further guidance or support on their development towards autonomy. For the learner, this is in many educational contexts a still rare opportunity to reflect on their own language learning, to externalize their own beliefs and attitudes towards language learning, to review or confirm their own assessment, or to address questions, if need be.<\/p>\n<p>At the end of this process, learners should be able to make more informed decisions about their further learning.<\/p>\n<p>However, since learners may not be used to this reflection, it is the duty of the advisor and\/or teacher to design pedagogical practices enhancing reflection, and assessment procedures rewarding both for language proficiency and autonomy (Benson, 2010, p. 94). In addition, in order to overcome possible \u201clearner resistance\u201d (Cotterall &amp; Malcolm, 2015, p. 171) towards new assessment practices, and encourage learners to engage in reflection, it is important to make the purposes of the self-assessment explicit within the process of autonomization.<\/p>\n<p><strong>Some Conclusions<\/strong><\/p>\n<p>The results of an investigation conducted on the dynamic model with students at the Freie Universit\u00e4t Berlin (Tassinari, 2010, 2015) show that a qualitative, dynamic approach to the self-assessment of learners\u2019 competences, attitudes and behaviors in autonomous learning processes is very useful for learners in order to reflect on and even to regulate the learning process itself. The students\u2019 feedback on\u00a0 self-assessment strongly suggests that the dynamic model and the descriptors are appropriate tools to support this evaluation process, and to foster awareness, reflection and decision-making. In addition, the dynamic model has been successfully used for self-reflection in other autonomy-fostering contexts, such as self-directed English language learning courses (Beseghi &amp; Bertolotti, 2013), and teacher education (Brandt &amp; D\u00f6nhoff, 2013; Magno E Silva, personal communication).<\/p>\n<p>The strength of self-assessment with the dynamic model is its dynamic and recursive nature, which makes it particularly suitable for assessing autonomy in its ongoing and fluctuating development.<\/p>\n<p>Nevertheless, since self-assessment is difficult, \u201cone of the most difficult things in autonomous learning processes\u201d, as one of the students in my investigation affirmed, it is crucial to integrate it into autonomous language learning curricula, and to support it by means of appropriate pedagogic practices and reflective dialogue.<\/p>\n<p><strong>Notes on the contributor<\/strong><\/p>\n<p>Maria Giovanna Tassinari is Director of the Centre for Independent Language Learning at the Language Centre of the Freie Universit\u00e4t Berlin, Germany. Her research interests are learner autonomy, language advising, and affect in language learning. She is co-editor of several books and author of articles and chapters in German, English and French.<\/p>\n<p><strong>References<\/strong><\/p>\n<p>Barcelos, A., &amp; Kalaya, P. (2011). Introduction to beliefs about SLA revisited. <em>System<\/em>, <em>39<\/em>(3), 281\u2013289.<\/p>\n<p>Benson, P. (2010). Measuring autonomy: Should we put our ability to the test? In A. Paran, &amp; L. Siercu (Eds.), <em>Testing the untestable in language education<\/em> (pp. 77\u201397). Bristol, UK: Multilingual Matters.<\/p>\n<p>Beseghi, M., &amp; Bertolotti, G. (2013). Fostering autonomy in university language students: A self-study programme. Paper at the <em>IATEFL LASIG Conference Learner Autonomy in Second Language Pedagogy and Research. Challenges and Issues<\/em>, Hannover, 27-28 September.<\/p>\n<p>Brandt, A., &amp; D\u00f6nhoff, I. (2013). On the road to autonomous language teaching: practice meets teacher education. Paper at the <em>IATEFL LASIG Conference Learner Autonomy in Second Language Pedagogy and Research. Challenges and Issues<\/em>, Hannover, 27-28 September.<\/p>\n<p>Cotterall, S. (1995). Readiness for autonomy: Investigating learner beliefs. <em>System<\/em>, <em>23<\/em>(2), 195\u2013205.<\/p>\n<p>Cotterall, S. (1999). Key variables in language learning: What do learners believe about them? <em>System<\/em>, <em>27<\/em>(4), 493\u2013513.<\/p>\n<p>Cotterall, S., &amp; Malcolm, D. (2015). Epilogue. In C. J. Everhard &amp; L. Murphy (Eds.), <em>Assessment and autonomy in language learning<\/em> (pp. 167\u2013175). Basingstoke, UK: Palgrave Macmillan.<\/p>\n<p>Kato, S., &amp; Mynard, J. (2015). <em>Reflective dialogue: Advising in language learning<\/em>. New York, NY: Routledge.<\/p>\n<p>Kelly, R. (1996). Language counselling for learner autonomy: The skilled helper in self-access language learning. In R. Pemberton, E. S. L. Li , W. W. F. Or &amp; H. Pierson (Eds.), <em>Taking control: Autonomy in language learning<\/em> (pp. 93\u2013113). Hong Kong, HK: Hong Kong University Press.<\/p>\n<p>Kleppin, K. (2005). Die F\u00f6rderung der F\u00e4higkeit zur Selbstevaluation beim Fremdsprachenlernen. In E. Burwitz-Melzer, &amp; G. Solmecke (Eds.), <em>Niemals zu fr\u00fch und selten zu sp\u00e4t: Fremdsprachenunterricht in Schule und Erwachsenenbildung<\/em>. <em>Festschrift f\u00fcr J\u00fcrgen Quetz<\/em> (pp. 107\u2013118). Berlin, DE: Cornelsen.<\/p>\n<p>Little, D. (1995). Learning as dialogue: The dependence of learner autonomy on teacher autonomy. <em>System<\/em>, <em>23<\/em>(2), 175\u2013181.<\/p>\n<p>Mozzon-McPherson, M. (2012). The skills of counselling in advising: Language as a pedagogic tool. In J. Mynard &amp; L. Carson (Eds.), <em>Advising in language learning: Dialogue, tools and context<\/em> (pp 43\u201364). Harlow, UK: Pearson Education.<\/p>\n<p>Navarro, D., &amp; Thornton, K. (2011). Investigating the relationship between belief and action in self-directed language learning. <em>System<\/em>, <em>39<\/em>(3), 290\u2013301.<\/p>\n<p>Tassinari, M. G. (2010). <em>Autonomes Fremdsprachenlernen: Komponenten, Kompetenzen, Strategien<\/em>. Frankfurt am Main, DE: Peter Lang.<\/p>\n<p>Tassinari, M. G. (2015). Assessing learner autonomy: A dynamic model. In C. J. Everhard &amp; L. Murphy (Eds.), <em>Assessment and Autonomy in Language Learning<\/em> (pp. 64\u201388). Basingstoke, UK: Palgrave Macmillan.<\/p>\n","protected":false},"excerpt":{"rendered":"<p>Maria Giovanna Tassinari, Freie Universit\u00e4t Berlin, Germany Tassinari, M. G. (2018). A dynamic model for autonomy: Self-assessment as reflection. Relay Journal, 1(1), 47-54.\u00a0https:\/\/doi.org\/10.37237\/relay\/010104 Download paginated PDF version *This page reflects the original version of this document. Please see PDF for most recent and updated version. Keywords: learner autonomy, assessment, self-assessment, reflection, dynamic model, language advising &hellip; <a href=\"https:\/\/kuis.kandagaigo.ac.jp\/relayjournal\/issues\/jan18\/tassinari\/\" class=\"more-link\">Continue reading<span class=\"screen-reader-text\"> &#8220;A Dynamic Model for Autonomy: Self-Assessment as Reflection&#8221;<\/span><\/a><\/p>\n","protected":false},"author":5,"featured_media":0,"parent":78,"menu_order":0,"comment_status":"open","ping_status":"closed","template":"","meta":[],"_links":{"self":[{"href":"https:\/\/kuis.kandagaigo.ac.jp\/relayjournal\/wp-json\/wp\/v2\/pages\/181"}],"collection":[{"href":"https:\/\/kuis.kandagaigo.ac.jp\/relayjournal\/wp-json\/wp\/v2\/pages"}],"about":[{"href":"https:\/\/kuis.kandagaigo.ac.jp\/relayjournal\/wp-json\/wp\/v2\/types\/page"}],"author":[{"embeddable":true,"href":"https:\/\/kuis.kandagaigo.ac.jp\/relayjournal\/wp-json\/wp\/v2\/users\/5"}],"replies":[{"embeddable":true,"href":"https:\/\/kuis.kandagaigo.ac.jp\/relayjournal\/wp-json\/wp\/v2\/comments?post=181"}],"version-history":[{"count":12,"href":"https:\/\/kuis.kandagaigo.ac.jp\/relayjournal\/wp-json\/wp\/v2\/pages\/181\/revisions"}],"predecessor-version":[{"id":3119,"href":"https:\/\/kuis.kandagaigo.ac.jp\/relayjournal\/wp-json\/wp\/v2\/pages\/181\/revisions\/3119"}],"up":[{"embeddable":true,"href":"https:\/\/kuis.kandagaigo.ac.jp\/relayjournal\/wp-json\/wp\/v2\/pages\/78"}],"wp:attachment":[{"href":"https:\/\/kuis.kandagaigo.ac.jp\/relayjournal\/wp-json\/wp\/v2\/media?parent=181"}],"curies":[{"name":"wp","href":"https:\/\/api.w.org\/{rel}","templated":true}]}}