{"id":2612,"date":"2023-02-01T15:15:13","date_gmt":"2023-02-01T06:15:13","guid":{"rendered":"https:\/\/kuis.kandagaigo.ac.jp\/relayjournal\/?page_id=2612"},"modified":"2026-02-18T15:50:34","modified_gmt":"2026-02-18T06:50:34","slug":"5_2","status":"publish","type":"page","link":"https:\/\/kuis.kandagaigo.ac.jp\/relayjournal\/issues\/5_2\/","title":{"rendered":"Volume 5 (2) 2022"},"content":{"rendered":"\n<p><strong>VOLUME 5 (2) 2022<\/strong><br><br>[<a href=\"https:\/\/drive.google.com\/file\/d\/1zAXKodquvsG2IDzjXYJe9dSEORudZV-Q\/view?usp=sharing\">Download paginated PDF version<\/a>]<\/p>\n\n\n\n<p><strong>Editorial <\/strong>by Isra Wongsarnpigoon &amp; Dominique Vola Ambinintsoa [<a href=\"https:\/\/kuis.kandagaigo.ac.jp\/relayjournal\/wongsarnpigoon_ambinintsoa\/\">FULL TEXT<\/a>]<\/p>\n\n\n\n<h4><strong>FEATURED ARTICLES<\/strong><\/h4>\n\n\n\n<ul><li><strong>A Message to the Advisor-Self: Fostering Autonomy Through Exploring the Identity Within Agentic Engagement <\/strong>by <span style=\"font-weight: 400;\">Gamze Guven-Yalcin, Rukiye Buse Kayaalp, Selin Do\u011fan, Bet\u00fcl \u00d6zt\u00fcrk, Emir \u015eamil Do\u011fan, Ay\u015fenur Ne\u015feli &amp; \u00d6mer Faruk Acar<\/span> [<a href=\"https:\/\/kuis.kandagaigo.ac.jp\/relayjournal\/issues\/5_2\/guven-yalcin_et_al\/\" target=\"_blank\" rel=\"noreferrer noopener\">FULL TEXT<\/a>]<\/li><li><strong>Leader-Ship as an Empathy-Based Sharing-Caring-Ship of Partnered Ethical-Ecological Teaching and Mentor Shipping&nbsp;<\/strong>by <span style=\"font-weight: 400;\">P\u0131nar \u00dcst\u00fcnda\u011f-Alg\u0131n, Hatice Karaaslan &amp; Tim Murphey<\/span> [<a href=\"https:\/\/kuis.kandagaigo.ac.jp\/relayjournal\/issues\/5_2\/ustundag-algin_et_al\/\" target=\"_blank\" rel=\"noreferrer noopener\">FULL TEXT<\/a>]<\/li><\/ul>\n\n\n\n<h4><strong>REFLECTIVE PRACTICE<\/strong><\/h4>\n\n\n\n<ul><li><strong>A first attempt at advising: Getting comfortable with unfamiliar advising strategies&nbsp;<\/strong>by Diane Raluy [<a href=\"https:\/\/kuis.kandagaigo.ac.jp\/relayjournal\/issues\/5_2\/raluy\/\" target=\"_blank\" rel=\"noreferrer noopener\">FULL TEXT<\/a>]<\/li><li><strong>\u201cIf I don\u2019t get lost, I will never find a new route\u201d: Engaging with my mentee in my first mentoring session&nbsp;<\/strong>by P\u0131nar \u00dcst\u00fcnda\u011f-Alg\u0131n [<a href=\"https:\/\/kuis.kandagaigo.ac.jp\/relayjournal\/issues\/5_2\/ustundag-algin\/\" target=\"_blank\" rel=\"noreferrer noopener\">FULL TEXT<\/a>]<\/li><\/ul>\n\n\n\n<h4><strong>REVIEWS<\/strong><\/h4>\n\n\n\n<p><strong>A Review of the RILAE Advisor Education Program 2022 Graduation Symposium&nbsp;<\/strong>by Gr\u00e1inne Hiney [<a href=\"https:\/\/kuis.kandagaigo.ac.jp\/relayjournal\/issues\/5_2\/hiney\/\" target=\"_blank\" rel=\"noreferrer noopener\">FULL TEXT<\/a>]<\/p>\n","protected":false},"excerpt":{"rendered":"<p>VOLUME 5 (2) 2022 [Download paginated PDF version] Editorial by Isra Wongsarnpigoon &amp; Dominique Vola Ambinintsoa [FULL TEXT] FEATURED ARTICLES A Message to the Advisor-Self: Fostering Autonomy Through Exploring the Identity Within Agentic Engagement by Gamze Guven-Yalcin, Rukiye Buse Kayaalp, Selin Do\u011fan, Bet\u00fcl \u00d6zt\u00fcrk, Emir \u015eamil Do\u011fan, Ay\u015fenur Ne\u015feli &amp; \u00d6mer Faruk Acar [FULL TEXT] &hellip; <a href=\"https:\/\/kuis.kandagaigo.ac.jp\/relayjournal\/issues\/5_2\/\" class=\"more-link\">Continue reading<span class=\"screen-reader-text\"> &#8220;Volume 5 (2) 2022&#8221;<\/span><\/a><\/p>\n","protected":false},"author":12,"featured_media":0,"parent":75,"menu_order":10,"comment_status":"closed","ping_status":"closed","template":"","meta":[],"_links":{"self":[{"href":"https:\/\/kuis.kandagaigo.ac.jp\/relayjournal\/wp-json\/wp\/v2\/pages\/2612"}],"collection":[{"href":"https:\/\/kuis.kandagaigo.ac.jp\/relayjournal\/wp-json\/wp\/v2\/pages"}],"about":[{"href":"https:\/\/kuis.kandagaigo.ac.jp\/relayjournal\/wp-json\/wp\/v2\/types\/page"}],"author":[{"embeddable":true,"href":"https:\/\/kuis.kandagaigo.ac.jp\/relayjournal\/wp-json\/wp\/v2\/users\/12"}],"replies":[{"embeddable":true,"href":"https:\/\/kuis.kandagaigo.ac.jp\/relayjournal\/wp-json\/wp\/v2\/comments?post=2612"}],"version-history":[{"count":19,"href":"https:\/\/kuis.kandagaigo.ac.jp\/relayjournal\/wp-json\/wp\/v2\/pages\/2612\/revisions"}],"predecessor-version":[{"id":4195,"href":"https:\/\/kuis.kandagaigo.ac.jp\/relayjournal\/wp-json\/wp\/v2\/pages\/2612\/revisions\/4195"}],"up":[{"embeddable":true,"href":"https:\/\/kuis.kandagaigo.ac.jp\/relayjournal\/wp-json\/wp\/v2\/pages\/75"}],"wp:attachment":[{"href":"https:\/\/kuis.kandagaigo.ac.jp\/relayjournal\/wp-json\/wp\/v2\/media?parent=2612"}],"curies":[{"name":"wp","href":"https:\/\/api.w.org\/{rel}","templated":true}]}}