{"id":3422,"date":"2024-09-13T16:00:28","date_gmt":"2024-09-13T07:00:28","guid":{"rendered":"https:\/\/kuis.kandagaigo.ac.jp\/relayjournal\/?page_id=3422"},"modified":"2025-03-04T16:49:25","modified_gmt":"2025-03-04T07:49:25","slug":"7_1","status":"publish","type":"page","link":"https:\/\/kuis.kandagaigo.ac.jp\/relayjournal\/issues\/7_1\/","title":{"rendered":"Volume 7 (1) 2024"},"content":{"rendered":"\n<p>  Volume 7 (1) 2024 <\/p>\n\n\n\n<p>  [<a href=\"https:\/\/drive.google.com\/file\/d\/1S54VDa-TOi_QgEui1LMs5_izg8e4PPGR\/view?usp=sharing\">Download complete issue<\/a>]<\/p>\n\n\n\n<p>  <strong>Editorial&nbsp;<\/strong>by Dominique Vola Ambinintsoa &amp; Isra Wongsarnpigoon [<a href=\"https:\/\/kuis.kandagaigo.ac.jp\/relayjournal\/issues\/7_1\/ambinintsoa_wongsarnpigoon\/\">FULL TEXT<\/a>]<\/p>\n\n\n\n<p>  <strong>Featured Articles<\/strong><\/p>\n\n\n\n<ul><li><strong>Exploring a Novice Advisor\u2019s Beliefs on Advising<\/strong> by Haruka Ubukata [<a href=\"https:\/\/kuis.kandagaigo.ac.jp\/relayjournal\/issues\/7_1\/ubukata\/\">FULL TEXT<\/a>]<\/li><\/ul>\n\n\n\n<p>  <strong>Reflective Practice<\/strong><\/p>\n\n\n\n<ul><li><strong>Nurturing Self-Direction: Reflections on Guiding a Student on University Leave<\/strong> by Nikki Marzo\u00f1a [<a href=\"https:\/\/kuis.kandagaigo.ac.jp\/relayjournal\/?page_id=3442\">FULL TEXT<\/a>]<\/li><\/ul>\n\n\n\n<p>  <strong> Innovative Practice<\/strong><\/p>\n\n\n\n<ul><li><strong>Our Minibook of Adventures: Humanizing Digital Spaces via Vision Boards<\/strong> by Hatice Karaaslan and Yazg\u00fcl\u00fc G\u00f6kg\u00f6z [<a href=\"https:\/\/kuis.kandagaigo.ac.jp\/relayjournal\/issues\/7_1\/karaaslan_gokgoz\/\" data-type=\"page\" data-id=\"3446\">FULL TEXT<\/a>]<\/li><\/ul>\n\n\n\n<p>  <strong>Perspectives<\/strong><\/p>\n\n\n\n<ul><li><strong>Focusing on the future of SALL: A response to Stacey Vye<\/strong> by Katherine Thornton [<a href=\"https:\/\/kuis.kandagaigo.ac.jp\/relayjournal\/?page_id=3448\">FULL TEXT<\/a>]<\/li><li><strong>Examining the Interplay between Autonomy and Hidden Beliefs about Language Learning<\/strong> by Aleksandr Gutkovskii [<a href=\"https:\/\/kuis.kandagaigo.ac.jp\/relayjournal\/?page_id=3450\">FULL TEXT<\/a>]<\/li><\/ul>\n\n\n\n<p><\/p>\n","protected":false},"excerpt":{"rendered":"<p>Volume 7 (1) 2024 [Download complete issue] Editorial&nbsp;by Dominique Vola Ambinintsoa &amp; Isra Wongsarnpigoon [FULL TEXT] Featured Articles Exploring a Novice Advisor\u2019s Beliefs on Advising by Haruka Ubukata [FULL TEXT] Reflective Practice Nurturing Self-Direction: Reflections on Guiding a Student on University Leave by Nikki Marzo\u00f1a [FULL TEXT] Innovative Practice Our Minibook of Adventures: Humanizing Digital &hellip; <a href=\"https:\/\/kuis.kandagaigo.ac.jp\/relayjournal\/issues\/7_1\/\" class=\"more-link\">Continue reading<span class=\"screen-reader-text\"> &#8220;Volume 7 (1) 2024&#8221;<\/span><\/a><\/p>\n","protected":false},"author":12,"featured_media":0,"parent":75,"menu_order":13,"comment_status":"closed","ping_status":"closed","template":"","meta":[],"_links":{"self":[{"href":"https:\/\/kuis.kandagaigo.ac.jp\/relayjournal\/wp-json\/wp\/v2\/pages\/3422"}],"collection":[{"href":"https:\/\/kuis.kandagaigo.ac.jp\/relayjournal\/wp-json\/wp\/v2\/pages"}],"about":[{"href":"https:\/\/kuis.kandagaigo.ac.jp\/relayjournal\/wp-json\/wp\/v2\/types\/page"}],"author":[{"embeddable":true,"href":"https:\/\/kuis.kandagaigo.ac.jp\/relayjournal\/wp-json\/wp\/v2\/users\/12"}],"replies":[{"embeddable":true,"href":"https:\/\/kuis.kandagaigo.ac.jp\/relayjournal\/wp-json\/wp\/v2\/comments?post=3422"}],"version-history":[{"count":19,"href":"https:\/\/kuis.kandagaigo.ac.jp\/relayjournal\/wp-json\/wp\/v2\/pages\/3422\/revisions"}],"predecessor-version":[{"id":3772,"href":"https:\/\/kuis.kandagaigo.ac.jp\/relayjournal\/wp-json\/wp\/v2\/pages\/3422\/revisions\/3772"}],"up":[{"embeddable":true,"href":"https:\/\/kuis.kandagaigo.ac.jp\/relayjournal\/wp-json\/wp\/v2\/pages\/75"}],"wp:attachment":[{"href":"https:\/\/kuis.kandagaigo.ac.jp\/relayjournal\/wp-json\/wp\/v2\/media?parent=3422"}],"curies":[{"name":"wp","href":"https:\/\/api.w.org\/{rel}","templated":true}]}}