{"id":1422,"date":"2020-10-04T08:24:06","date_gmt":"2020-10-03T23:24:06","guid":{"rendered":"https:\/\/kuis.kandagaigo.ac.jp\/rilae\/?page_id=1422"},"modified":"2026-01-15T10:29:09","modified_gmt":"2026-01-15T01:29:09","slug":"course-4","status":"publish","type":"page","link":"https:\/\/kuis.kandagaigo.ac.jp\/rilae\/education\/course-4\/","title":{"rendered":"Course 4"},"content":{"rendered":"<p><b>Advising in Language Learning 4: Transformation (Becoming an Advisor Educator)<\/b><br \/>\n<b><\/b><\/p>\n<p>Next course: November 8, 15, 22, 2026 [Registration opens October 2026]<\/p>\n<ul>\n<li>This course is only open to participants who have successfully completed\u00a0<a href=\"https:\/\/kuis.kandagaigo.ac.jp\/rilae\/course1\">Course 1.<\/a><\/li>\n<\/ul>\n<ol>\n<li>Course description, objectives, structure and schedule (scroll down)<\/li>\n<li><a href=\"https:\/\/kuis.kandagaigo.ac.jp\/rilae\/course-4-coursebook\/\">Online coursebook<\/a> (password protected)<\/li>\n<li><a href=\"https:\/\/kuis.kandagaigo.ac.jp\/rilae\/course-1-communication\">Communication tools and protocol<\/a><\/li>\n<li><a href=\"https:\/\/kuis.kandagaigo.ac.jp\/rilae\/course-3-eligibility\/\">Eligibility, fees and application procedure<\/a><\/li>\n<li><a href=\"https:\/\/kuis.kandagaigo.ac.jp\/rilae\/course-3-equipment-textbook-and-assessment\/\">Equipment, textbooks and assessment<\/a><\/li>\n<\/ol>\n<h2><b>Instructors<\/b><\/h2>\n<div id='gallery-1' class='gallery galleryid-1422 gallery-columns-6 gallery-size-thumbnail'><dl class='gallery-item'>\n\t\t\t<dt class='gallery-icon portrait'>\n\t\t\t\t<img loading=\"lazy\" decoding=\"async\" width=\"150\" height=\"150\" src=\"https:\/\/kuis.kandagaigo.ac.jp\/rilae\/wp-content\/uploads\/2022\/04\/Bio-pic_-Satoko2-150x150.jpg\" class=\"attachment-thumbnail size-thumbnail\" alt=\"\" aria-describedby=\"gallery-1-1909\" \/>\n\t\t\t<\/dt>\n\t\t\t\t<dd class='wp-caption-text gallery-caption' id='gallery-1-1909'>\n\t\t\t\tSatoko Kato\n\t\t\t\t<\/dd><\/dl><dl class='gallery-item'>\n\t\t\t<dt class='gallery-icon portrait'>\n\t\t\t\t<img loading=\"lazy\" decoding=\"async\" width=\"150\" height=\"150\" src=\"https:\/\/kuis.kandagaigo.ac.jp\/rilae\/wp-content\/uploads\/2024\/04\/Jo-copy-150x150.jpg\" class=\"attachment-thumbnail size-thumbnail\" alt=\"\" aria-describedby=\"gallery-1-2950\" \/>\n\t\t\t<\/dt>\n\t\t\t\t<dd class='wp-caption-text gallery-caption' id='gallery-1-2950'>\n\t\t\t\tJo Mynard\n\t\t\t\t<\/dd><\/dl><dl class='gallery-item'>\n\t\t\t<dt class='gallery-icon portrait'>\n\t\t\t\t<img loading=\"lazy\" decoding=\"async\" width=\"150\" height=\"150\" src=\"https:\/\/kuis.kandagaigo.ac.jp\/rilae\/wp-content\/uploads\/2025\/06\/vola_face-150x150.jpg\" class=\"attachment-thumbnail size-thumbnail\" alt=\"\" aria-describedby=\"gallery-1-3491\" \/>\n\t\t\t<\/dt>\n\t\t\t\t<dd class='wp-caption-text gallery-caption' id='gallery-1-3491'>\n\t\t\t\tVola Ambinintsoa\n\t\t\t\t<\/dd><\/dl><dl class='gallery-item'>\n\t\t\t<dt class='gallery-icon portrait'>\n\t\t\t\t<img loading=\"lazy\" decoding=\"async\" width=\"150\" height=\"150\" src=\"https:\/\/kuis.kandagaigo.ac.jp\/rilae\/wp-content\/uploads\/2025\/06\/emily-150x150.jpeg\" class=\"attachment-thumbnail size-thumbnail\" alt=\"\" aria-describedby=\"gallery-1-3490\" \/>\n\t\t\t<\/dt>\n\t\t\t\t<dd class='wp-caption-text gallery-caption' id='gallery-1-3490'>\n\t\t\t\tEmily Marzin\n\t\t\t\t<\/dd><\/dl><dl class='gallery-item'>\n\t\t\t<dt class='gallery-icon landscape'>\n\t\t\t\t<img loading=\"lazy\" decoding=\"async\" width=\"150\" height=\"150\" src=\"https:\/\/kuis.kandagaigo.ac.jp\/rilae\/wp-content\/uploads\/2025\/09\/Phillip-Bennett-150x150.jpg\" class=\"attachment-thumbnail size-thumbnail\" alt=\"\" aria-describedby=\"gallery-1-3535\" srcset=\"https:\/\/kuis.kandagaigo.ac.jp\/rilae\/wp-content\/uploads\/2025\/09\/Phillip-Bennett-150x150.jpg 150w, https:\/\/kuis.kandagaigo.ac.jp\/rilae\/wp-content\/uploads\/2025\/09\/Phillip-Bennett-300x300.jpg 300w, https:\/\/kuis.kandagaigo.ac.jp\/rilae\/wp-content\/uploads\/2025\/09\/Phillip-Bennett.jpg 512w\" sizes=\"auto, (max-width: 150px) 100vw, 150px\" \/>\n\t\t\t<\/dt>\n\t\t\t\t<dd class='wp-caption-text gallery-caption' id='gallery-1-3535'>\n\t\t\t\tPhillip Bennett\n\t\t\t\t<\/dd><\/dl><dl class='gallery-item'>\n\t\t\t<dt class='gallery-icon portrait'>\n\t\t\t\t<img loading=\"lazy\" decoding=\"async\" width=\"150\" height=\"150\" src=\"https:\/\/kuis.kandagaigo.ac.jp\/rilae\/wp-content\/uploads\/2025\/06\/image-1-150x150.png\" class=\"attachment-thumbnail size-thumbnail\" alt=\"\" aria-describedby=\"gallery-1-3483\" \/>\n\t\t\t<\/dt>\n\t\t\t\t<dd class='wp-caption-text gallery-caption' id='gallery-1-3483'>\n\t\t\t\tHayo Reinders\n\t\t\t\t<\/dd><\/dl><br style=\"clear: both\" \/>\n\t\t<\/div>\n\n<h2>Teaching assistants<\/h2>\n<p>Hatice Karaaslan, Gamze G\u00fcven Yal\u00e7\u0131n, Arzu K\u0131ratl\u0131, P\u0131nar \u00dcst\u00fcnda\u011f Alg\u0131n, Zeynep Pamuk Olgun, and Gamze Sayram<\/p>\n<h2><b>Course description<\/b><\/h2>\n<p>This is the fourth course in the <a href=\"https:\/\/kuis.kandagaigo.ac.jp\/rilae\/education\/courses\/\">online Advising Certificate Program<\/a><span style=\"font-weight: 400;\"> offered by RILAE, which consists of six courses. In Courses 1 to 3, we explored theoretical and practical considerations necessary for the development of advising skills and knowledge. The courses draw on the concept o<\/span><span style=\"font-weight: 400;\">f transformational advising (Kato &amp; Mynard, 2016), where an advisor supports a learner in going beyond improving language proficiency in order to make a fundamental change in the nature of learning. By paying attention to the intentional reflective dialogue (IRD) participants learned how to guide learners into a deeper level of awareness, and at the same time, guiding course participants to develop further as professional advisors. <\/span><span style=\"font-weight: 400;\">We also introduced the research methodologies for conducting research in advising.\u00a0<\/span>In Course 4, we introduce the importance of ongoing professional development for learning advisors. Participants in this course will develop the skills and knowledge needed to train and mentor others.<\/p>\n<h2><b>Course objectives<\/b><\/h2>\n<p><span style=\"font-weight: 400;\">\u221a Explore the meanings of transformation<\/span><br \/>\n<span style=\"font-weight: 400;\">\u221a Learn how to introduce self-advising in advising sessions<\/span><br \/>\n<span style=\"font-weight: 400;\">\u221a Learn how to engage learners in an overall reflection to have them gain more confidence<\/span><br \/>\n<span style=\"font-weight: 400;\">\u221a Participate in a mentoring program as a mentee.<\/span><br \/>\n<span style=\"font-weight: 400;\">\u221a Learn how to be a mentor and become a mentor to other advisors.<\/span><\/p>\n<h2><b>Course structure<\/b><\/h2>\n<ul>\n<li style=\"font-weight: 400;\"><span style=\"font-weight: 400;\">This course consists of online live, real-time lectures each week (for three weeks) and some recorded lectures.<\/span><\/li>\n<li>Class duration will be shorter than usual as everyone will participate in 1-1 mentoring sessions with a mentor (one of the instructors or another senior colleague)<\/li>\n<li>After your 1-1 mentoring session, you should post a reflection.<\/li>\n<li style=\"font-weight: 400;\"><span style=\"font-weight: 400;\">Students are asked to watch two short videos<\/span><span style=\"font-weight: 400;\">\u00a0before attending the first online class and also post a comment on the online forum.<\/span><\/li>\n<li style=\"font-weight: 400;\"><span style=\"font-weight: 400;\">The online live lectures are designed to be interactive and intentionally facilitate different kinds of interactions.<\/span><\/li>\n<li style=\"font-weight: 400;\"><span style=\"font-weight: 400;\">Participants are expected to view recorded lectures and\/or read some materials each week as part of the course requirements.<\/span><\/li>\n<li style=\"font-weight: 400;\"><span style=\"font-weight: 400;\">Students are also required to participate in online text discussions via the online forum in order to discuss ideas related to the issues raised in the class and in the recorded\/written materials.<\/span><\/li>\n<li style=\"font-weight: 400;\"><span style=\"font-weight: 400;\">Practice and reflection activities will also form part of the weekly assignments.<\/span><\/li>\n<\/ul>\n<h2><strong>Draft Schedule (subject to change)<\/strong><\/h2>\n<p><b>Pre-course assignment<\/b><\/p>\n<ol>\n<li style=\"font-weight: 400;\"><span style=\"font-weight: 400;\">Re-read your assignment from Course 3 and be ready to discuss it.<\/span><\/li>\n<li>Watch the <a href=\"https:\/\/youtu.be\/PzbQcUQwimU\" target=\"_blank\" rel=\"noopener\">introduction video<\/a><\/li>\n<li>Post a response to the introductory discussion question on the online forum<\/li>\n<li>Sign up for a mentoring session<\/li>\n<\/ol>\n<p><b>Week 1 (Instructors: Jo and Emily)<\/b><\/p>\n<ul>\n<li>Review of Courses 1-3<\/li>\n<li>Overview of Course 4<\/li>\n<li>The importance of ongoing PD for learning advisors<\/li>\n<li>The roles of a mentor<\/li>\n<li>Mentoring &amp; Advising: How similar? How different?<\/li>\n<li>Being a mentee, becoming a mentor<\/li>\n<\/ul>\n<p><b>Week 2 (Instructor: Jo)<\/b><\/p>\n<ul>\n<li>Reviewing post-class assignment<\/li>\n<li style=\"font-weight: 400;\">Activities for training new learning advisors<\/li>\n<li style=\"font-weight: 400;\">What makes successful mentoring relationships?<\/li>\n<\/ul>\n<p><b>Week 3 (Instructors<\/b><strong>: Vola and Phill)<\/strong><b><span style=\"font-weight: 400;\"> (Satoko available\u00a0 for mentoring)<\/span>)<\/b><\/p>\n<ul>\n<li style=\"font-weight: 400;\">Reviewing post-class assignment<\/li>\n<li style=\"font-weight: 400;\">Positive psychology<\/li>\n<li style=\"font-weight: 400;\">Scientific research in advising and related fields<\/li>\n<li style=\"font-weight: 400;\">Reviewing the courses<\/li>\n<li style=\"font-weight: 400;\">Reflecting on the mentoring program<\/li>\n<li style=\"font-weight: 400;\">Feeling the sense of achievement (Open the \u2018letter to yourself\u2019)<\/li>\n<\/ul>\n<p><strong>Week 4. Final assignment (The Zoom room will be available for informal\/optional discussions by participants)<\/strong><\/p>\n<p>Conduct a session with a colleague to help your colleague reflect on him\/herself as an educator and reflect on the session.<\/p>\n<ul>\n<li><span style=\"font-weight: 400;\">Record the session (with permission)<\/span><\/li>\n<li><span style=\"font-weight: 400;\">Reflect on the session<\/span><\/li>\n<li><span style=\"font-weight: 400;\">Analyse a portion of the session<\/span><\/li>\n<li><span style=\"font-weight: 400;\">Write a 1,500-word paper including some excerpts from the session<\/span><\/li>\n<\/ul>\n","protected":false},"excerpt":{"rendered":"<p>Advising in Language Learning 4: Transformation (Becoming an Advisor Educator) Next course: November 8, 15, 22, 2026 [Registration opens October &hellip; <a href=\"https:\/\/kuis.kandagaigo.ac.jp\/rilae\/education\/course-4\/\">Continue reading <span class=\"meta-nav\">&rarr;<\/span><\/a><\/p>\n","protected":false},"author":3,"featured_media":16,"parent":26,"menu_order":0,"comment_status":"closed","ping_status":"closed","template":"","meta":{"footnotes":""},"class_list":["post-1422","page","type-page","status-publish","has-post-thumbnail","hentry"],"_links":{"self":[{"href":"https:\/\/kuis.kandagaigo.ac.jp\/rilae\/wp-json\/wp\/v2\/pages\/1422","targetHints":{"allow":["GET"]}}],"collection":[{"href":"https:\/\/kuis.kandagaigo.ac.jp\/rilae\/wp-json\/wp\/v2\/pages"}],"about":[{"href":"https:\/\/kuis.kandagaigo.ac.jp\/rilae\/wp-json\/wp\/v2\/types\/page"}],"author":[{"embeddable":true,"href":"https:\/\/kuis.kandagaigo.ac.jp\/rilae\/wp-json\/wp\/v2\/users\/3"}],"replies":[{"embeddable":true,"href":"https:\/\/kuis.kandagaigo.ac.jp\/rilae\/wp-json\/wp\/v2\/comments?post=1422"}],"version-history":[{"count":49,"href":"https:\/\/kuis.kandagaigo.ac.jp\/rilae\/wp-json\/wp\/v2\/pages\/1422\/revisions"}],"predecessor-version":[{"id":3724,"href":"https:\/\/kuis.kandagaigo.ac.jp\/rilae\/wp-json\/wp\/v2\/pages\/1422\/revisions\/3724"}],"up":[{"embeddable":true,"href":"https:\/\/kuis.kandagaigo.ac.jp\/rilae\/wp-json\/wp\/v2\/pages\/26"}],"wp:featuredmedia":[{"embeddable":true,"href":"https:\/\/kuis.kandagaigo.ac.jp\/rilae\/wp-json\/wp\/v2\/media\/16"}],"wp:attachment":[{"href":"https:\/\/kuis.kandagaigo.ac.jp\/rilae\/wp-json\/wp\/v2\/media?parent=1422"}],"curies":[{"name":"wp","href":"https:\/\/api.w.org\/{rel}","templated":true}]}}