{"id":1467,"date":"2020-10-14T06:50:49","date_gmt":"2020-10-13T21:50:49","guid":{"rendered":"https:\/\/kuis.kandagaigo.ac.jp\/rilae\/?page_id=1467"},"modified":"2020-10-17T11:40:26","modified_gmt":"2020-10-17T02:40:26","slug":"15-enhancing-goal-setting-skills-through-technology-a-case-study-in-self-directed-language-learning","status":"publish","type":"page","link":"https:\/\/kuis.kandagaigo.ac.jp\/rilae\/symposium2020\/esen","title":{"rendered":"Enhancing Goal Setting Skills through Technology: A Case Study in  Self-Directed Language Learning"},"content":{"rendered":"<p><b>Metin Esen,\u00a0<\/b><span style=\"font-weight: 400;\">Ankara Y\u0131ld\u0131r\u0131m Beyaz\u0131t University, School of Foreign Languages,\u00a0<\/span><span style=\"font-weight: 400;\">Ankara, Turkey<\/span><\/p>\n<p><a href=\"https:\/\/docs.google.com\/presentation\/d\/1V9xrf9cM6PnInjXAPaSpQne0mwdS1uqOnrkCmoIPm-w\/edit#slide=id.ga1af1b62d0_2_75\" target=\"_blank\" rel=\"noopener\"><img loading=\"lazy\" decoding=\"async\" class=\"alignleft wp-image-1468 size-large\" src=\"https:\/\/kuis.kandagaigo.ac.jp\/rilae\/wp-content\/uploads\/2020\/10\/Metin-1024x576.jpg\" alt=\"\" width=\"640\" height=\"360\" srcset=\"https:\/\/kuis.kandagaigo.ac.jp\/rilae\/wp-content\/uploads\/2020\/10\/Metin-1024x576.jpg 1024w, https:\/\/kuis.kandagaigo.ac.jp\/rilae\/wp-content\/uploads\/2020\/10\/Metin-300x169.jpg 300w, https:\/\/kuis.kandagaigo.ac.jp\/rilae\/wp-content\/uploads\/2020\/10\/Metin-768x432.jpg 768w\" sizes=\"auto, (max-width: 640px) 100vw, 640px\" \/><\/a><\/p>\n<p>&nbsp;<\/p>\n<p style=\"text-align: center;\"><a href=\"https:\/\/docs.google.com\/presentation\/d\/1V9xrf9cM6PnInjXAPaSpQne0mwdS1uqOnrkCmoIPm-w\/edit#slide=id.ga1af1b62d0_2_75\" target=\"_blank\" rel=\"noopener\">Click to access the digital poster<\/a><\/p>\n<p>Feel free to write a comment or question below and we will pass it on to the presenter<\/p>\n<p>[contact-form][contact-field label=&#8221;Name&#8221; type=&#8221;name&#8221;  required=&#8221;true&#8221; \/][contact-field label=&#8221;Email&#8221; type=&#8221;email&#8221; required=&#8221;true&#8221; \/][contact-field label=&#8221;Website&#8221; type=&#8221;url&#8221; \/][contact-field label=&#8221;Message&#8221; type=&#8221;textarea&#8221; \/][\/contact-form]<\/p>\n","protected":false},"excerpt":{"rendered":"<p>Metin Esen,\u00a0Ankara Y\u0131ld\u0131r\u0131m Beyaz\u0131t University, School of Foreign Languages,\u00a0Ankara, Turkey &nbsp; Click to access the digital poster Feel free to &hellip; <a href=\"https:\/\/kuis.kandagaigo.ac.jp\/rilae\/symposium2020\/esen\">Continue reading <span class=\"meta-nav\">&rarr;<\/span><\/a><\/p>\n","protected":false},"author":3,"featured_media":0,"parent":1307,"menu_order":3,"comment_status":"closed","ping_status":"closed","template":"","meta":{"footnotes":""},"class_list":["post-1467","page","type-page","status-publish","hentry"],"_links":{"self":[{"href":"https:\/\/kuis.kandagaigo.ac.jp\/rilae\/wp-json\/wp\/v2\/pages\/1467","targetHints":{"allow":["GET"]}}],"collection":[{"href":"https:\/\/kuis.kandagaigo.ac.jp\/rilae\/wp-json\/wp\/v2\/pages"}],"about":[{"href":"https:\/\/kuis.kandagaigo.ac.jp\/rilae\/wp-json\/wp\/v2\/types\/page"}],"author":[{"embeddable":true,"href":"https:\/\/kuis.kandagaigo.ac.jp\/rilae\/wp-json\/wp\/v2\/users\/3"}],"replies":[{"embeddable":true,"href":"https:\/\/kuis.kandagaigo.ac.jp\/rilae\/wp-json\/wp\/v2\/comments?post=1467"}],"version-history":[{"count":2,"href":"https:\/\/kuis.kandagaigo.ac.jp\/rilae\/wp-json\/wp\/v2\/pages\/1467\/revisions"}],"predecessor-version":[{"id":1498,"href":"https:\/\/kuis.kandagaigo.ac.jp\/rilae\/wp-json\/wp\/v2\/pages\/1467\/revisions\/1498"}],"up":[{"embeddable":true,"href":"https:\/\/kuis.kandagaigo.ac.jp\/rilae\/wp-json\/wp\/v2\/pages\/1307"}],"wp:attachment":[{"href":"https:\/\/kuis.kandagaigo.ac.jp\/rilae\/wp-json\/wp\/v2\/media?parent=1467"}],"curies":[{"name":"wp","href":"https:\/\/api.w.org\/{rel}","templated":true}]}}