{"id":1601,"date":"2021-03-15T11:13:27","date_gmt":"2021-03-15T02:13:27","guid":{"rendered":"https:\/\/kuis.kandagaigo.ac.jp\/rilae\/?page_id=1601"},"modified":"2021-03-15T11:13:27","modified_gmt":"2021-03-15T02:13:27","slug":"2021-graduating-class","status":"publish","type":"page","link":"https:\/\/kuis.kandagaigo.ac.jp\/rilae\/events\/learning-advisor-education-program-graduation-symposium\/2021-graduating-class\/","title":{"rendered":"2021 graduating class"},"content":{"rendered":"<p><b>Learning Advisor Education Course<\/b><\/p>\n<ol>\n<li>Dominique Vola Ambinintsoa Razafindratsimba<\/li>\n<li>Do\u011fu\u015f Ayd\u0131n<\/li>\n<li>Phillip Bennett<\/li>\n<li>Bryan Buschner<\/li>\n<li>Barton Colmerauer<\/li>\n<li>Julie David<img loading=\"lazy\" decoding=\"async\" class=\"size-medium wp-image-1602 alignright\" src=\"https:\/\/kuis.kandagaigo.ac.jp\/rilae\/wp-content\/uploads\/2021\/03\/course-3-Sept-2020-300x262.png\" alt=\"\" width=\"300\" height=\"262\" srcset=\"https:\/\/kuis.kandagaigo.ac.jp\/rilae\/wp-content\/uploads\/2021\/03\/course-3-Sept-2020-300x262.png 300w, https:\/\/kuis.kandagaigo.ac.jp\/rilae\/wp-content\/uploads\/2021\/03\/course-3-Sept-2020-768x671.png 768w, https:\/\/kuis.kandagaigo.ac.jp\/rilae\/wp-content\/uploads\/2021\/03\/course-3-Sept-2020.png 780w\" sizes=\"auto, (max-width: 300px) 100vw, 300px\" \/><\/li>\n<li>Julia Galichanina<\/li>\n<li>Reginald Gentry<\/li>\n<li>Grainne Hiney<\/li>\n<li>Kayoko Horai<\/li>\n<li>David Kehoe<\/li>\n<li>Andre Parsons<\/li>\n<li>Ross Sampson<\/li>\n<li>Anna Twitchell<\/li>\n<li>Lucius Von Joo<\/li>\n<li>Jason Walters<\/li>\n<\/ol>\n<p><b>Certificate for Advisor Educators<\/b><\/p>\n<ol>\n<li>Curtis Edlin<\/li>\n<li>Gamze Guven Yalcin<\/li>\n<li>Hatice Karaaslan<\/li>\n<li>Stephanie Lea Howard<\/li>\n<\/ol>\n","protected":false},"excerpt":{"rendered":"<p>Learning Advisor Education Course Dominique Vola Ambinintsoa Razafindratsimba Do\u011fu\u015f Ayd\u0131n Phillip Bennett Bryan Buschner Barton Colmerauer Julie David Julia Galichanina &hellip; <a href=\"https:\/\/kuis.kandagaigo.ac.jp\/rilae\/events\/learning-advisor-education-program-graduation-symposium\/2021-graduating-class\/\">Continue reading <span class=\"meta-nav\">&rarr;<\/span><\/a><\/p>\n","protected":false},"author":3,"featured_media":0,"parent":1547,"menu_order":2,"comment_status":"closed","ping_status":"closed","template":"","meta":{"footnotes":""},"class_list":["post-1601","page","type-page","status-publish","hentry"],"_links":{"self":[{"href":"https:\/\/kuis.kandagaigo.ac.jp\/rilae\/wp-json\/wp\/v2\/pages\/1601","targetHints":{"allow":["GET"]}}],"collection":[{"href":"https:\/\/kuis.kandagaigo.ac.jp\/rilae\/wp-json\/wp\/v2\/pages"}],"about":[{"href":"https:\/\/kuis.kandagaigo.ac.jp\/rilae\/wp-json\/wp\/v2\/types\/page"}],"author":[{"embeddable":true,"href":"https:\/\/kuis.kandagaigo.ac.jp\/rilae\/wp-json\/wp\/v2\/users\/3"}],"replies":[{"embeddable":true,"href":"https:\/\/kuis.kandagaigo.ac.jp\/rilae\/wp-json\/wp\/v2\/comments?post=1601"}],"version-history":[{"count":1,"href":"https:\/\/kuis.kandagaigo.ac.jp\/rilae\/wp-json\/wp\/v2\/pages\/1601\/revisions"}],"predecessor-version":[{"id":1603,"href":"https:\/\/kuis.kandagaigo.ac.jp\/rilae\/wp-json\/wp\/v2\/pages\/1601\/revisions\/1603"}],"up":[{"embeddable":true,"href":"https:\/\/kuis.kandagaigo.ac.jp\/rilae\/wp-json\/wp\/v2\/pages\/1547"}],"wp:attachment":[{"href":"https:\/\/kuis.kandagaigo.ac.jp\/rilae\/wp-json\/wp\/v2\/media?parent=1601"}],"curies":[{"name":"wp","href":"https:\/\/api.w.org\/{rel}","templated":true}]}}