{"id":1974,"date":"2022-05-14T14:21:39","date_gmt":"2022-05-14T05:21:39","guid":{"rendered":"https:\/\/kuis.kandagaigo.ac.jp\/rilae\/?page_id=1974"},"modified":"2022-05-19T09:38:23","modified_gmt":"2022-05-19T00:38:23","slug":"jp-home","status":"publish","type":"page","link":"https:\/\/kuis.kandagaigo.ac.jp\/rilae\/jp-home\/","title":{"rendered":"Home"},"content":{"rendered":"\n<h2 class=\"wp-block-heading\"><strong><span style=\"color:#a82e23\" class=\"has-inline-color\">\u5b66\u7fd2\u8005\u30aa\u30fc\u30c8\u30ce\u30df\u30fc\u6559\u80b2\u7814\u7a76\u6240 RILAE\uff08Research Institute for Learner Autonomy Education\uff09<\/span><\/strong><\/h2>\n\n\n\n<p>\u795e\u7530\u5916\u8a9e\u5927\u5b66\u3067\u306f\u3001\u5b66\u7fd2\u8005\u30aa\u30fc\u30c8\u30ce\u30df\u30fc\u80b2\u6210\u306b\u95a2\u3057\u3066\u3053\u308c\u307e\u3067\u84c4\u7a4d\u3057\u3066\u304d\u305f\u7814\u7a76\u3084\u7d4c\u9a13\u306b\u57fa\u3065\u304d\u30012017\u5e74\u306b\u300c\u5b66\u7fd2\u8005\u30aa\u30fc\u30c8\u30ce\u30df\u30fc\u6559\u80b2\u7814\u7a76\u6240 \u300d\u3092\u8a2d\u7acb\u3057\u307e\u3057\u305f\u3002\u540c\u7814\u7a76\u6240\u306f\u30012001\u5e74\u306b\u672c\u5b66\u306b\u8a2d\u7acb\u3055\u308c\u305fSelf-Access Learning Center \uff08SALC\uff09\u306e\u4ed8\u5c5e\u6a5f\u95a2\u3067\u3042\u308a\u3001\u5b66\u7fd2\u8005\u306e\u81ea\u5f8b\u6027\u306e\u80b2\u6210\u3092\u63d0\u4f9b\u3059\u308b\u6559\u80b2\u30b5\u30fc\u30d3\u30b9\u304a\u3088\u3073\u7814\u7a76\u6d3b\u52d5\u306e\u3055\u3089\u306a\u308b\u767a\u5c55\u3092\u76ee\u6307\u3057\u3066\u3044\u307e\u3059\u3002<br><br>\u672c\u7814\u7a76\u6240\uff08RILAE\uff09\u306f\u3001\u5b66\u7fd2\u8005\u30aa\u30fc\u30c8\u30ce\u30df\u30fc\u80b2\u6210\u306b\u304a\u3051\u308b\u300c\u6559\u80b2\u6d3b\u52d5\u300d\u304a\u3088\u3073\u300c\u7814\u7a76\u6d3b\u52d5\u306e\u300d\uff12\u3064\u306b\u91cd\u70b9\u3092\u7f6e\u304d\u3001\u795e\u7530\u5916\u8a9e\u30b0\u30eb\u30fc\u30d7\u5185\u5916\u306b\u304a\u3044\u3066\u3001\u5b66\u7fd2\u8005\u30aa\u30fc\u30c8\u30ce\u30df\u30fc\u6559\u80b2\u63a8\u9032\u306b\u304a\u3051\u308b\u7814\u7a76\u6d3b\u52d5\u304a\u3088\u3073\u5c02\u9580\u5bb6\u306e\u80b2\u6210\uff08\u30c8\u30ec\u30fc\u30cb\u30f3\u30b0\uff09\u30cf\u30d6\u3068\u306a\u308b\u3053\u3068\u3092\u76ee\u7684\u3068\u3057\u3066\u3044\u307e\u3059\u3002\u3053\u3046\u3057\u305f\u6d3b\u52d5\u3092\u63a8\u9032\u3059\u308b\u305f\u3081\u306b\u3082\u3001\u5b66\u7fd2\u8005\u3060\u3051\u3067\u306a\u304f\u3001\u6559\u80b2\u8005\u30fb\u7814\u7a76\u8005\u306e\u30aa\u30fc\u30c8\u30ce\u30df\u30fc\u3092\u5411\u4e0a\u3055\u305b\u308b\u30d7\u30ed\u30b0\u30e9\u30e0\u306e\u958b\u767a\u30fb\u7814\u7a76\u3082\u884c\u3044\u3001\u751f\u6daf\u306b\u308f\u305f\u308a\u5b66\u7fd2\u8005\u30aa\u30fc\u30c8\u30ce\u30df\u30fc\u306b\u95a2\u3057\u3066\u5b66\u3073\u5408\u3046\u5834\u3092\u63d0\u4f9b\u3057\u3066\u3044\u307e\u3059\u3002<\/p>\n\n\n\n<h3 class=\"wp-block-heading\"><strong>RILAE\u306e\u6d3b\u52d5\u5185\u5bb9<\/strong><\/h3>\n\n\n\n<ul class=\"wp-block-list\"><li>\u56fd\u5185\u5916\u306b\u304a\u3044\u3066\u3001\u5b66\u7fd2\u8005\u30aa\u30fc\u30c8\u30ce\u30df\u30fc\u306e\u63a8\u9032\u306e\u305f\u3081\u300c\u5b66\u7fd2\u30a2\u30c9\u30d0\u30a4\u30b6\u30fc\u990a\u6210\u30d7\u30ed\u30b0\u30e9\u30e0\u300d\u3092\u958b\u767a\u30fb\u5b9f\u65bd\uff08<a href=\"https:\/\/kuis.kandagaigo.ac.jp\/rilae\/japanesecourse\/\">\u65e5\u672c\u8a9e\u7248<\/a>\u3001<a href=\"https:\/\/kuis.kandagaigo.ac.jp\/rilae\/education\/courses\/\">\u82f1\u8a9e\u7248<\/a>\uff09<\/li><li>\u5927\u5b66\u30fb\u9ad8\u6821\u30fb\u4e2d\u5b66\u306e\u6559\u54e1\u6559\u80b2\u30d7\u30ed\u30b0\u30e9\u30e0\u306e\u63d0\u4f9b<\/li><li>\u7814\u7a76\u6d3b\u52d5\u306e\u63a8\u9032\u3000[<a href=\"https:\/\/kuis.kandagaigo.ac.jp\/rilae\/research\/\">LINK<\/a>]<\/li><li>2\u3064\u306e\u30aa\u30f3\u30e9\u30a4\u30f3\u5b66\u4f1a\u8a8c [<a href=\"https:\/\/sisaljournal.org\/\">SiSAL Journal<\/a>] [<a href=\"https:\/\/kuis.kandagaigo.ac.jp\/relayjournal\/\">Relay Journal<\/a>]\u306e\u520a\u884c<\/li><li>\u5b66\u7fd2\u30a2\u30c9\u30d0\u30a4\u30b8\u30f3\u30b0\u990a\u6210\u30d7\u30ed\u30b0\u30e9\u30e0\u5b66\u7fd2\u8005\u30aa\u30fc\u30c8\u30ce\u30df\u30fc\u306b\u95a2\u9023\u3059\u308b<a href=\"https:\/\/kuis.kandagaigo.ac.jp\/rilae\/instruments\/\">\u7814\u7a76\u624b\u6cd5\u306e\u30ec\u30dd\u30b8\u30c8\u30ea<\/a>\u306e\u4f5c\u6210<\/li><li>\u56fd\u969b\u7684\u306a\u5171\u540c\u7814\u7a76\u306e\u63a8\u9032\uff08\u5171\u540c\u7814\u7a76\u7814\u7a76\u6a5f\u95a2\uff09<ul><li>School of Languages, Linguistics and Translation, Universidad Nacional Aut\u00f3noma de M\u00e9xico, <strong>Mexico<\/strong><\/li><li>\u200bSchool of Foreign Languages, Y\u0131ld\u0131r\u0131m Beyaz\u0131t \u00dcniversitesi, <strong>Turkey<\/strong><\/li><li>School of Liberal Arts, King Mongkut\u2019s University of Technology Thonburi, <strong>Thailand<\/strong><\/li><li>School of Histories, Languages and Cultures, University of Hull, <strong>UK<\/strong><\/li><li>Language Center, Freie Universit\u00e4t Berlin, <strong>Germany<\/strong><\/li><li>Hawai\u2019i Pacific University, <strong>USA<\/strong><\/li><li>Paris \u00cele-de-France Digital University, <strong>France<\/strong><\/li><li>Unitec Institute of Technology, <strong>New Zealand<\/strong><\/li><li>Anaheim University, <strong>USA<\/strong><\/li><li>University of Queensland, <strong>Australia<\/strong><\/li><li>KTH Royal Institute of Technology, <strong>Sweden<\/strong><\/li><li>Canadian Centre for Studies and Research on Bilingualism and Language Planning (CCERBAL), University of Ottawa, <strong>Canada<\/strong><\/li><\/ul><\/li><\/ul>\n\n\n\n<h3 class=\"wp-block-heading\"><strong>RILAE\u306e\u6559\u54e1<\/strong><\/h3>\n\n\n\n<p><a href=\"https:\/\/kuis.kandagaigo.ac.jp\/rilae\/people\/\">\u6559\u54e1\u7d39\u4ecb<\/a><\/p>\n","protected":false},"excerpt":{"rendered":"<p>\u5b66\u7fd2\u8005\u30aa\u30fc\u30c8\u30ce\u30df\u30fc\u6559\u80b2\u7814\u7a76\u6240 RILAE\uff08Research Institute for Learner Autonomy Education\uff09 \u795e\u7530\u5916\u8a9e\u5927\u5b66\u3067\u306f\u3001\u5b66\u7fd2\u8005\u30aa\u30fc\u30c8\u30ce\u30df\u30fc\u80b2\u6210\u306b\u95a2\u3057\u3066\u3053\u308c\u307e\u3067\u84c4\u7a4d\u3057\u3066\u304d\u305f\u7814\u7a76\u3084\u7d4c\u9a13\u306b\u57fa\u3065\u304d\u30012017\u5e74\u306b\u300c\u5b66\u7fd2\u8005\u30aa\u30fc\u30c8\u30ce\u30df\u30fc\u6559\u80b2\u7814\u7a76\u6240 \u300d\u3092\u8a2d\u7acb\u3057\u307e\u3057\u305f\u3002\u540c\u7814\u7a76\u6240\u306f\u30012001\u5e74\u306b\u672c\u5b66\u306b\u8a2d\u7acb\u3055\u308c\u305fSelf-Access Learning Center \uff08SALC\uff09\u306e\u4ed8\u5c5e\u6a5f\u95a2\u3067\u3042\u308a\u3001\u5b66\u7fd2\u8005\u306e\u81ea\u5f8b\u6027\u306e\u80b2\u6210\u3092\u63d0\u4f9b\u3059\u308b\u6559\u80b2\u30b5\u30fc\u30d3\u30b9\u304a\u3088\u3073\u7814\u7a76\u6d3b\u52d5\u306e\u3055\u3089\u306a\u308b\u767a\u5c55\u3092\u76ee\u6307\u3057\u3066\u3044\u307e\u3059\u3002 \u672c\u7814\u7a76\u6240\uff08RILAE\uff09\u306f\u3001\u5b66\u7fd2\u8005\u30aa\u30fc\u30c8\u30ce\u30df\u30fc\u80b2\u6210\u306b\u304a\u3051\u308b\u300c\u6559\u80b2\u6d3b\u52d5\u300d\u304a\u3088\u3073\u300c\u7814\u7a76\u6d3b\u52d5\u306e\u300d\uff12\u3064\u306b\u91cd\u70b9\u3092\u7f6e\u304d\u3001\u795e\u7530\u5916\u8a9e\u30b0\u30eb\u30fc\u30d7\u5185\u5916\u306b\u304a\u3044\u3066\u3001\u5b66\u7fd2\u8005\u30aa\u30fc\u30c8\u30ce\u30df\u30fc\u6559\u80b2\u63a8\u9032\u306b\u304a\u3051\u308b\u7814\u7a76\u6d3b\u52d5\u304a\u3088\u3073\u5c02\u9580\u5bb6\u306e\u80b2\u6210\uff08\u30c8\u30ec\u30fc\u30cb\u30f3\u30b0\uff09\u30cf\u30d6\u3068\u306a\u308b\u3053\u3068\u3092\u76ee\u7684\u3068\u3057\u3066\u3044\u307e\u3059\u3002\u3053\u3046\u3057\u305f\u6d3b\u52d5\u3092\u63a8\u9032\u3059\u308b\u305f\u3081\u306b\u3082\u3001\u5b66\u7fd2\u8005\u3060\u3051\u3067\u306a\u304f\u3001\u6559\u80b2\u8005\u30fb\u7814\u7a76\u8005\u306e\u30aa\u30fc\u30c8\u30ce\u30df\u30fc\u3092\u5411\u4e0a\u3055\u305b\u308b\u30d7\u30ed\u30b0\u30e9\u30e0\u306e\u958b\u767a\u30fb\u7814\u7a76\u3082\u884c\u3044\u3001\u751f\u6daf\u306b\u308f\u305f\u308a\u5b66\u7fd2\u8005\u30aa\u30fc\u30c8\u30ce\u30df\u30fc\u306b\u95a2\u3057\u3066\u5b66\u3073\u5408\u3046\u5834\u3092\u63d0\u4f9b\u3057\u3066\u3044\u307e\u3059\u3002 RILAE\u306e\u6d3b\u52d5\u5185\u5bb9 \u56fd\u5185\u5916\u306b\u304a\u3044\u3066\u3001\u5b66\u7fd2\u8005\u30aa\u30fc\u30c8\u30ce\u30df\u30fc\u306e\u63a8\u9032\u306e\u305f\u3081\u300c\u5b66\u7fd2\u30a2\u30c9\u30d0\u30a4\u30b6\u30fc\u990a\u6210\u30d7\u30ed\u30b0\u30e9\u30e0\u300d\u3092\u958b\u767a\u30fb\u5b9f\u65bd\uff08\u65e5\u672c\u8a9e\u7248\u3001\u82f1\u8a9e\u7248\uff09 \u5927\u5b66\u30fb\u9ad8\u6821\u30fb\u4e2d\u5b66\u306e\u6559\u54e1\u6559\u80b2\u30d7\u30ed\u30b0\u30e9\u30e0\u306e\u63d0\u4f9b \u7814\u7a76\u6d3b\u52d5\u306e\u63a8\u9032\u3000[LINK] 2\u3064\u306e\u30aa\u30f3\u30e9\u30a4\u30f3\u5b66\u4f1a\u8a8c [SiSAL Journal] &hellip; <a href=\"https:\/\/kuis.kandagaigo.ac.jp\/rilae\/jp-home\/\">Continue reading <span class=\"meta-nav\">&rarr;<\/span><\/a><\/p>\n","protected":false},"author":13,"featured_media":0,"parent":0,"menu_order":0,"comment_status":"closed","ping_status":"closed","template":"","meta":{"footnotes":""},"class_list":["post-1974","page","type-page","status-publish","hentry"],"_links":{"self":[{"href":"https:\/\/kuis.kandagaigo.ac.jp\/rilae\/wp-json\/wp\/v2\/pages\/1974","targetHints":{"allow":["GET"]}}],"collection":[{"href":"https:\/\/kuis.kandagaigo.ac.jp\/rilae\/wp-json\/wp\/v2\/pages"}],"about":[{"href":"https:\/\/kuis.kandagaigo.ac.jp\/rilae\/wp-json\/wp\/v2\/types\/page"}],"author":[{"embeddable":true,"href":"https:\/\/kuis.kandagaigo.ac.jp\/rilae\/wp-json\/wp\/v2\/users\/13"}],"replies":[{"embeddable":true,"href":"https:\/\/kuis.kandagaigo.ac.jp\/rilae\/wp-json\/wp\/v2\/comments?post=1974"}],"version-history":[{"count":4,"href":"https:\/\/kuis.kandagaigo.ac.jp\/rilae\/wp-json\/wp\/v2\/pages\/1974\/revisions"}],"predecessor-version":[{"id":2011,"href":"https:\/\/kuis.kandagaigo.ac.jp\/rilae\/wp-json\/wp\/v2\/pages\/1974\/revisions\/2011"}],"wp:attachment":[{"href":"https:\/\/kuis.kandagaigo.ac.jp\/rilae\/wp-json\/wp\/v2\/media?parent=1974"}],"curies":[{"name":"wp","href":"https:\/\/api.w.org\/{rel}","templated":true}]}}