{"id":2313,"date":"2023-02-13T08:17:50","date_gmt":"2023-02-12T23:17:50","guid":{"rendered":"https:\/\/kuis.kandagaigo.ac.jp\/rilae\/?page_id=2313"},"modified":"2023-03-20T08:42:08","modified_gmt":"2023-03-19T23:42:08","slug":"3rdgraduation","status":"publish","type":"page","link":"https:\/\/kuis.kandagaigo.ac.jp\/rilae\/3rdgraduation\/","title":{"rendered":"Sunday March 19 2023 \u2013 Learning Advisor Education Program: 3rd Graduation Symposium"},"content":{"rendered":"\n<p>An online symposium was held on Sunday, March 19th 2023, from 3-5pm on Zoom to celebrate the completion of the advising certificate by our third cohort of graduates of the\u00a0<strong>Learning Advisor Education Certificate Course<\/strong>\u00a0[<a href=\"https:\/\/kuis.kandagaigo.ac.jp\/rilae\/education\/courses\/\">course details<\/a>]. We also awarded certificates to newly qualified <strong>Advisor Educators<\/strong>.<\/p>\n\n\n\n<p><strong>Graduates<\/strong>:&nbsp;<a href=\"https:\/\/kuis.kandagaigo.ac.jp\/rilae\/3rdgraduation\/2023-graduating-class\/\">2023 graduating class<\/a><\/p>\n\n\n\n<p>The event featured presentations from leaders in the field of advising, along with some short speeches from Kanda University\u2019s leaders, the course instructors, and graduating students. The presentations were recorded and <a href=\"https:\/\/kuis.kandagaigo.ac.jp\/rilae\/3rdgraduation\/abstracts\/\" data-type=\"page\">can be viewed here<\/a>.<\/p>\n\n\n\n<p><strong>Featured Speakers:<\/strong> <\/p>\n\n\n\n<ul class=\"wp-block-list\"><li>Marina Mozzon-McPherson, Professor of Innovation in Language Learning and Teaching, Emerita Professor, The University of Hull, UK<\/li><li>Hatice Karaaslan, Pinar \u00dcst\u00fcnda\u011f Alg\u0131n, EFL instructors and learning advisors, Ankara Y\u0131ld\u0131r\u0131m Beyaz\u0131t University, Turkey and Tim Murphey, Kanda University of International Studies, Chiba, Japan<\/li><li>Julia Galichanina, Head of language training, EPAM, Budapest, Hungary<\/li><\/ul>\n\n\n\n<p><a href=\"https:\/\/kuis.kandagaigo.ac.jp\/rilae\/3rdgraduation\/abstracts\/\">See speaker abstracts, bios and recordings<\/a><\/p>\n\n\n\n<p><a href=\"https:\/\/kuis.kandagaigo.ac.jp\/rilae\/events\/gradsymposium2022\/\">See details of the 2022 graduation symposium (including recordings of featured speeches)<\/a><\/p>\n\n\n\n<p><a href=\"https:\/\/kuis.kandagaigo.ac.jp\/rilae\/gradsymposium2021\">See details of the 2021 graduation symposium (including recordings of featured speeches)<\/a><\/p>\n","protected":false},"excerpt":{"rendered":"<p>An online symposium was held on Sunday, March 19th 2023, from 3-5pm on Zoom to celebrate the completion of the &hellip; <a href=\"https:\/\/kuis.kandagaigo.ac.jp\/rilae\/3rdgraduation\/\">Continue reading <span class=\"meta-nav\">&rarr;<\/span><\/a><\/p>\n","protected":false},"author":3,"featured_media":0,"parent":0,"menu_order":0,"comment_status":"closed","ping_status":"closed","template":"","meta":{"footnotes":""},"class_list":["post-2313","page","type-page","status-publish","hentry"],"_links":{"self":[{"href":"https:\/\/kuis.kandagaigo.ac.jp\/rilae\/wp-json\/wp\/v2\/pages\/2313","targetHints":{"allow":["GET"]}}],"collection":[{"href":"https:\/\/kuis.kandagaigo.ac.jp\/rilae\/wp-json\/wp\/v2\/pages"}],"about":[{"href":"https:\/\/kuis.kandagaigo.ac.jp\/rilae\/wp-json\/wp\/v2\/types\/page"}],"author":[{"embeddable":true,"href":"https:\/\/kuis.kandagaigo.ac.jp\/rilae\/wp-json\/wp\/v2\/users\/3"}],"replies":[{"embeddable":true,"href":"https:\/\/kuis.kandagaigo.ac.jp\/rilae\/wp-json\/wp\/v2\/comments?post=2313"}],"version-history":[{"count":15,"href":"https:\/\/kuis.kandagaigo.ac.jp\/rilae\/wp-json\/wp\/v2\/pages\/2313\/revisions"}],"predecessor-version":[{"id":2398,"href":"https:\/\/kuis.kandagaigo.ac.jp\/rilae\/wp-json\/wp\/v2\/pages\/2313\/revisions\/2398"}],"wp:attachment":[{"href":"https:\/\/kuis.kandagaigo.ac.jp\/rilae\/wp-json\/wp\/v2\/media?parent=2313"}],"curies":[{"name":"wp","href":"https:\/\/api.w.org\/{rel}","templated":true}]}}