{"id":2332,"date":"2023-02-24T08:18:27","date_gmt":"2023-02-23T23:18:27","guid":{"rendered":"https:\/\/kuis.kandagaigo.ac.jp\/rilae\/?page_id=2332"},"modified":"2024-01-17T17:22:04","modified_gmt":"2024-01-17T08:22:04","slug":"abstracts","status":"publish","type":"page","link":"https:\/\/kuis.kandagaigo.ac.jp\/rilae\/3rdgraduation\/abstracts\/","title":{"rendered":"Speakers and recordings"},"content":{"rendered":"\n<p>Overview of the Advising Program \/ Research in advising by Jo Mynard and Satoko Kato [<a href=\"https:\/\/youtu.be\/yoBoTYjnI2Q\" target=\"_blank\" rel=\"noreferrer noopener\">Link to Video<\/a>]<\/p>\n\n\n\n<p style=\"font-size:21px\"><strong>Members of the Senior Management of Kanda University<\/strong><\/p>\n\n\n\n<p>Congratulatory speech by Mr Sano, Chairman [<a href=\"https:\/\/youtu.be\/9IVPqgvMULs\" target=\"_blank\" rel=\"noreferrer noopener\">Link to video<\/a>]<\/p>\n\n\n\n<p>Congratulatory speech by Mr Miyauchi, President [<a rel=\"noreferrer noopener\" href=\"https:\/\/youtu.be\/zsBkTKfHVSE\" target=\"_blank\">Link to video<\/a>]<\/p>\n\n\n\n<p>Congratulatory speech by Professor Yasushi Sekiya, Director of the MA TESOL Program [<a href=\"https:\/\/youtu.be\/aSWIMN4Uuos\" target=\"_blank\" rel=\"noreferrer noopener\">Link to video<\/a>]<\/p>\n\n\n\n<p style=\"font-size:21px\"><strong>Presentation 1: Mapping the Practice and Competences of Advising in Language Learning: A Perspective on the Value of Mindfulness<\/strong> [<a href=\"https:\/\/youtu.be\/5eMcPWEHPwg\" target=\"_blank\" rel=\"noreferrer noopener\">Link to presentation<\/a>]<\/p>\n\n\n\n<p><strong>Marina Mozzon-McPherson, Professor of Innovation in Language Learning and Teaching, Emerita Professor, The University of Hull, UK<\/strong><\/p>\n\n\n\n<div class=\"wp-block-image\"><figure class=\"alignleft size-large is-resized\"><img loading=\"lazy\" decoding=\"async\" src=\"https:\/\/kuis.kandagaigo.ac.jp\/rilae\/wp-content\/uploads\/2023\/02\/Marina.jpg\" alt=\"\" class=\"wp-image-2358\" width=\"294\" height=\"325\" srcset=\"https:\/\/kuis.kandagaigo.ac.jp\/rilae\/wp-content\/uploads\/2023\/02\/Marina.jpg 508w, https:\/\/kuis.kandagaigo.ac.jp\/rilae\/wp-content\/uploads\/2023\/02\/Marina-271x300.jpg 271w\" sizes=\"auto, (max-width: 294px) 100vw, 294px\" \/><figcaption>Marina Mozzon McPherson<\/figcaption><\/figure><\/div>\n\n\n\n<p>My 30-year-long professional journey in advising in language learning (ALL) has been a mindful and rewarding one. My talk considers how the nature of ALL has required me to be in an ever-changing landscape of professional development. Central to this was a holistic, person-centred view of learning and reflective dialogue.<\/p>\n\n\n\n<p>I hope to show that expert advisors need to move through different stages of unconscious and conscious competence; inherent in this is the need to resourcefully balance their own wellbeing and that of their learners whilst pursuing specific learning objectives. I consider a mindful use of intentional, skilled, reflective dialogue to be a distinctive professional feature for successful, happier, sustained learning. This has the potential to create powerful communities of advising practitioners and communities of life-long learners.<\/p>\n\n\n\n<p>This distinctive professional mind and skillset are particularly crucial in the challenges which Higher Education faces globally in the post Covid-19 era. In this, confident acceptance of change and a mindful focus on the co-construction of learning can provide a positive environment and prepare students to manage uncertainty resourcefully.<\/p>\n\n\n\n<p><strong>Marina Mozzon-McPherson<\/strong> started her academic career as a language learning advisor at the University of Hull (UK) in 1992. She has continued practising language learning advising for over 30 years whilst in different strategic roles (e.g., Head of School, Associate Dean). She is now Emerita Professor and continues her research through consultancies primarily focused on mindful professional practice and training in lifelong advising competences. Her research broadly embraces these specific areas of applied linguistics and language education:<\/p>\n\n\n\n<ul class=\"wp-block-list\"><li>Reflective dialogue as a pedagogic and cultural mediation tool;<\/li><li>Mindfulness in language learning and advising;<\/li><li>Creative learning and professional spaces (multicultural, multilingual environments; virtual etc.);<\/li><li>Construction of learning communities and communities of practice (face-to-face, online, in informal settings).<\/li><\/ul>\n\n\n\n<p style=\"font-size:21px\"><strong>Presentation 2: Universal Caring and Sharing Advising (UCASA)<\/strong> [<a rel=\"noreferrer noopener\" href=\"https:\/\/youtu.be\/ved-gBM1is4\" target=\"_blank\">Link to presentation Video<\/a>] [<a href=\"https:\/\/youtu.be\/ouKiBjZc6Oo\" target=\"_blank\" rel=\"noreferrer noopener\">Link to Tim singing!<\/a>]<\/p>\n\n\n\n<p><strong>Hatice Karaaslan, Pinar \u00dcst\u00fcnda\u011f Alg\u0131n, EFL instructors and learning advisors, Ankara Y\u0131ld\u0131r\u0131m Beyaz\u0131t University, Turkey and Tim Murphey, Kanda University of International Studies, Chiba, Japan<\/strong><\/p>\n\n\n\n<figure class=\"wp-block-gallery aligncenter columns-3 is-cropped wp-block-gallery-1 is-layout-flex wp-block-gallery-is-layout-flex\"><ul class=\"blocks-gallery-grid\"><li class=\"blocks-gallery-item\"><figure><img loading=\"lazy\" decoding=\"async\" width=\"150\" height=\"150\" src=\"https:\/\/kuis.kandagaigo.ac.jp\/rilae\/wp-content\/uploads\/2023\/02\/Hatice-4-150x150.jpg\" alt=\"\" data-id=\"2340\" data-link=\"https:\/\/kuis.kandagaigo.ac.jp\/rilae\/?attachment_id=2340\" class=\"wp-image-2340\"\/><figcaption class=\"blocks-gallery-item__caption\">Hatice Karaaslan<\/figcaption><\/figure><\/li><li class=\"blocks-gallery-item\"><figure><img loading=\"lazy\" decoding=\"async\" width=\"150\" height=\"150\" src=\"https:\/\/kuis.kandagaigo.ac.jp\/rilae\/wp-content\/uploads\/2023\/02\/Pinar-1-150x150.jpg\" alt=\"\" data-id=\"2341\" data-link=\"https:\/\/kuis.kandagaigo.ac.jp\/rilae\/?attachment_id=2341\" class=\"wp-image-2341\" srcset=\"https:\/\/kuis.kandagaigo.ac.jp\/rilae\/wp-content\/uploads\/2023\/02\/Pinar-1-150x150.jpg 150w, https:\/\/kuis.kandagaigo.ac.jp\/rilae\/wp-content\/uploads\/2023\/02\/Pinar-1-300x300.jpg 300w, https:\/\/kuis.kandagaigo.ac.jp\/rilae\/wp-content\/uploads\/2023\/02\/Pinar-1-768x768.jpg 768w, https:\/\/kuis.kandagaigo.ac.jp\/rilae\/wp-content\/uploads\/2023\/02\/Pinar-1.jpg 800w\" sizes=\"auto, (max-width: 150px) 100vw, 150px\" \/><figcaption class=\"blocks-gallery-item__caption\">P\u0131nar \u00dcst\u00fcnda\u011f-Alg\u0131n<\/figcaption><\/figure><\/li><li class=\"blocks-gallery-item\"><figure><img loading=\"lazy\" decoding=\"async\" width=\"150\" height=\"150\" src=\"https:\/\/kuis.kandagaigo.ac.jp\/rilae\/wp-content\/uploads\/2023\/02\/Murphey-150x150.jpg\" alt=\"\" data-id=\"2348\" data-full-url=\"https:\/\/kuis.kandagaigo.ac.jp\/rilae\/wp-content\/uploads\/2023\/02\/Murphey.jpg\" data-link=\"https:\/\/kuis.kandagaigo.ac.jp\/rilae\/3rdgraduation\/abstracts\/murphey\/\" class=\"wp-image-2348\"\/><figcaption class=\"blocks-gallery-item__caption\">Tim Murphey<\/figcaption><\/figure><\/li><\/ul><\/figure>\n\n\n\n<p>A sharing community cares for those involved and shares material and non-material caregiving and learning. We would like to propose that we as educators concentrate more of our efforts toward sharing, caring, and acting rather than dominating, controlling, and testing. Hatice and P\u0131nar describe how they have inspired the caring actions of student-mentors who have developed into more helpful and caring people with their peers in a university in Turkey. Tim has attempted to see how students in Zoom classes in Japan during the last few years of the pandemic were able to teach others (family and friends) important things they learned in class and shows how they share their case studies of caring teaching stories. We hope to offer how you might open up your institutions to contagious sharing and caring with communal partnering through mentoring, teaching and advising with students and their own communities (families and friends), not even in your institution.<\/p>\n\n\n\n<p><strong>Hatice Karaaslan<\/strong>&nbsp;(PhD in CogSci, Middle East Technical University) is an EFL instructor, learning advisor, advisor educator and student mentorship program coordinator at Ankara Y\u0131ld\u0131r\u0131m Beyaz\u0131t University with experience as a guest instructor at Kanda University of International Studies, Japan. Her primary interests include social-emotional pedagogies, micro-credentials, AI and storytelling.<\/p>\n\n\n\n<p><strong>P\u0131nar \u00dcst\u00fcnda\u011f-Alg\u0131n<\/strong>&nbsp;(MA in Foreign Language Teaching) is an EFL instructor, learning advisor, advisor educator and student mentorship program supervisor at Ankara Y\u0131ld\u0131r\u0131m Beyaz\u0131t University with experience as a teaching assistant at Kanda University of International Studies, Japan. Her interests include advising and social-emotional pedagogies.<\/p>\n\n\n\n<p><strong>Tim Murphey<\/strong>&nbsp;(MA University of Florida, PhD Universit\u00e9 de Neuch\u00e2tel, Switzerland), Kanda University of International Studies, semi-retired professor in the Research Institute for Learner Autonomy Education (RILAE), part-time at Wayo Women\u2019s University Graduate School of Human Ecology, juggles while skiing, makes lots of mistakes in order to increase his opera-tunes-it-teas for learning.<\/p>\n\n\n\n<p style=\"font-size:21px\"><strong>Presentation 3: Language Learning Advising in Course Design<\/strong> [<a href=\"https:\/\/youtu.be\/VPl1agC_VWY\" target=\"_blank\" rel=\"noreferrer noopener\">Link to presentation<\/a>]<\/p>\n\n\n\n<p><strong>Julia Galichanina<\/strong>, EPAM Systems<\/p>\n\n\n\n<div class=\"wp-block-image\"><figure class=\"alignleft size-large is-resized\"><img loading=\"lazy\" decoding=\"async\" src=\"https:\/\/kuis.kandagaigo.ac.jp\/rilae\/wp-content\/uploads\/2023\/02\/portrait-1-819x1024.jpg\" alt=\"\" class=\"wp-image-2334\" width=\"205\" height=\"256\" srcset=\"https:\/\/kuis.kandagaigo.ac.jp\/rilae\/wp-content\/uploads\/2023\/02\/portrait-1-819x1024.jpg 819w, https:\/\/kuis.kandagaigo.ac.jp\/rilae\/wp-content\/uploads\/2023\/02\/portrait-1-240x300.jpg 240w, https:\/\/kuis.kandagaigo.ac.jp\/rilae\/wp-content\/uploads\/2023\/02\/portrait-1-768x960.jpg 768w, https:\/\/kuis.kandagaigo.ac.jp\/rilae\/wp-content\/uploads\/2023\/02\/portrait-1.jpg 1080w\" sizes=\"auto, (max-width: 205px) 100vw, 205px\" \/><figcaption><strong>Julia Galichanina<\/strong><\/figcaption><\/figure><\/div>\n\n\n\n<p>How may we help adult learners reach a significant improvement in their communicative ability in under 20 contact hours? That was one of the wicked problems I have faced in my line of work, and I think I may have found a solution! In this talk, I will present you with a case of learning experience design where language learning advising\/coaching techniques were employed to reach gains in training efficacy and learning transfer.<\/p>\n\n\n\n<p><strong>Julia Galichanina<\/strong> is a Language Training Manager at EPAM Systems, where she oversees the language training service for the Asia East and Pacific region. She also is the inspirer and the driver for several projects promoting self-directed learning in the organization. Her professional interests include lifelong and self-directed learning, psychology of learning\/education, coaching, social learning, and learner experience design.<\/p>\n","protected":false},"excerpt":{"rendered":"<p>Overview of the Advising Program \/ Research in advising by Jo Mynard and Satoko Kato [Link to Video] Members of &hellip; <a href=\"https:\/\/kuis.kandagaigo.ac.jp\/rilae\/3rdgraduation\/abstracts\/\">Continue reading <span class=\"meta-nav\">&rarr;<\/span><\/a><\/p>\n","protected":false},"author":3,"featured_media":0,"parent":2313,"menu_order":1,"comment_status":"closed","ping_status":"closed","template":"","meta":{"footnotes":""},"class_list":["post-2332","page","type-page","status-publish","hentry"],"_links":{"self":[{"href":"https:\/\/kuis.kandagaigo.ac.jp\/rilae\/wp-json\/wp\/v2\/pages\/2332","targetHints":{"allow":["GET"]}}],"collection":[{"href":"https:\/\/kuis.kandagaigo.ac.jp\/rilae\/wp-json\/wp\/v2\/pages"}],"about":[{"href":"https:\/\/kuis.kandagaigo.ac.jp\/rilae\/wp-json\/wp\/v2\/types\/page"}],"author":[{"embeddable":true,"href":"https:\/\/kuis.kandagaigo.ac.jp\/rilae\/wp-json\/wp\/v2\/users\/3"}],"replies":[{"embeddable":true,"href":"https:\/\/kuis.kandagaigo.ac.jp\/rilae\/wp-json\/wp\/v2\/comments?post=2332"}],"version-history":[{"count":12,"href":"https:\/\/kuis.kandagaigo.ac.jp\/rilae\/wp-json\/wp\/v2\/pages\/2332\/revisions"}],"predecessor-version":[{"id":2695,"href":"https:\/\/kuis.kandagaigo.ac.jp\/rilae\/wp-json\/wp\/v2\/pages\/2332\/revisions\/2695"}],"up":[{"embeddable":true,"href":"https:\/\/kuis.kandagaigo.ac.jp\/rilae\/wp-json\/wp\/v2\/pages\/2313"}],"wp:attachment":[{"href":"https:\/\/kuis.kandagaigo.ac.jp\/rilae\/wp-json\/wp\/v2\/media?parent=2332"}],"curies":[{"name":"wp","href":"https:\/\/api.w.org\/{rel}","templated":true}]}}