{"id":2363,"date":"2023-03-14T11:49:24","date_gmt":"2023-03-14T02:49:24","guid":{"rendered":"https:\/\/kuis.kandagaigo.ac.jp\/rilae\/?page_id=2363"},"modified":"2023-03-19T19:34:31","modified_gmt":"2023-03-19T10:34:31","slug":"2023-graduating-class","status":"publish","type":"page","link":"https:\/\/kuis.kandagaigo.ac.jp\/rilae\/3rdgraduation\/2023-graduating-class\/","title":{"rendered":"2023 graduating class"},"content":{"rendered":"\n<p><strong>Learning Advisor Education Course<\/strong><\/p>\n\n\n\n<div class=\"wp-block-image\"><figure class=\"alignright size-large is-resized\"><img decoding=\"async\" src=\"https:\/\/kuis.kandagaigo.ac.jp\/rilae\/wp-content\/uploads\/2023\/03\/graduates-1-1024x851.jpg\" alt=\"\" class=\"wp-image-2393\" width=\"400\" srcset=\"https:\/\/kuis.kandagaigo.ac.jp\/rilae\/wp-content\/uploads\/2023\/03\/graduates-1-1024x851.jpg 1024w, https:\/\/kuis.kandagaigo.ac.jp\/rilae\/wp-content\/uploads\/2023\/03\/graduates-1-300x249.jpg 300w, https:\/\/kuis.kandagaigo.ac.jp\/rilae\/wp-content\/uploads\/2023\/03\/graduates-1-768x638.jpg 768w, https:\/\/kuis.kandagaigo.ac.jp\/rilae\/wp-content\/uploads\/2023\/03\/graduates-1.jpg 1042w\" sizes=\"(max-width: 1024px) 100vw, 1024px\" \/><\/figure><\/div>\n\n\n\n<ul class=\"wp-block-list\"><li>Neslihan Atcan Altan<\/li><li>Jeffrey Goncalves<\/li><li>Daniel Hooper<\/li><li>Adam Humble<\/li><li>Tanya Kelly<\/li><li>Yukari Kimura<\/li><li>Emily Marzin<\/li><li>Diane Raluy Turner<\/li><li>Prateek Sharma<\/li><\/ul>\n\n\n\n<p><strong>Certificate for Advisor Educators<\/strong><\/p>\n\n\n\n<ul class=\"wp-block-list\"><li>Bryan Buschner<\/li><li>Metin Esen<\/li><li>Scott Shelton-Strong<\/li><li>P\u0131nar \u00dcst\u00fcnda\u011f Alg\u0131n<\/li><li>Stacey Louise Vye <\/li><\/ul>\n","protected":false},"excerpt":{"rendered":"<p>Learning Advisor Education Course Neslihan Atcan Altan Jeffrey Goncalves Daniel Hooper Adam Humble Tanya Kelly Yukari Kimura Emily Marzin Diane &hellip; <a href=\"https:\/\/kuis.kandagaigo.ac.jp\/rilae\/3rdgraduation\/2023-graduating-class\/\">Continue reading <span class=\"meta-nav\">&rarr;<\/span><\/a><\/p>\n","protected":false},"author":3,"featured_media":0,"parent":2313,"menu_order":3,"comment_status":"closed","ping_status":"closed","template":"","meta":{"footnotes":""},"class_list":["post-2363","page","type-page","status-publish","hentry"],"_links":{"self":[{"href":"https:\/\/kuis.kandagaigo.ac.jp\/rilae\/wp-json\/wp\/v2\/pages\/2363","targetHints":{"allow":["GET"]}}],"collection":[{"href":"https:\/\/kuis.kandagaigo.ac.jp\/rilae\/wp-json\/wp\/v2\/pages"}],"about":[{"href":"https:\/\/kuis.kandagaigo.ac.jp\/rilae\/wp-json\/wp\/v2\/types\/page"}],"author":[{"embeddable":true,"href":"https:\/\/kuis.kandagaigo.ac.jp\/rilae\/wp-json\/wp\/v2\/users\/3"}],"replies":[{"embeddable":true,"href":"https:\/\/kuis.kandagaigo.ac.jp\/rilae\/wp-json\/wp\/v2\/comments?post=2363"}],"version-history":[{"count":5,"href":"https:\/\/kuis.kandagaigo.ac.jp\/rilae\/wp-json\/wp\/v2\/pages\/2363\/revisions"}],"predecessor-version":[{"id":2394,"href":"https:\/\/kuis.kandagaigo.ac.jp\/rilae\/wp-json\/wp\/v2\/pages\/2363\/revisions\/2394"}],"up":[{"embeddable":true,"href":"https:\/\/kuis.kandagaigo.ac.jp\/rilae\/wp-json\/wp\/v2\/pages\/2313"}],"wp:attachment":[{"href":"https:\/\/kuis.kandagaigo.ac.jp\/rilae\/wp-json\/wp\/v2\/media?parent=2363"}],"curies":[{"name":"wp","href":"https:\/\/api.w.org\/{rel}","templated":true}]}}