{"id":664,"date":"2018-08-15T17:51:30","date_gmt":"2018-08-15T08:51:30","guid":{"rendered":"https:\/\/kuis.kandagaigo.ac.jp\/rilae\/?page_id=664"},"modified":"2018-11-12T10:51:22","modified_gmt":"2018-11-12T01:51:22","slug":"8-november-2018-lab","status":"publish","type":"page","link":"https:\/\/kuis.kandagaigo.ac.jp\/rilae\/lab-sessions\/8-november-2018-lab\/","title":{"rendered":"8 November 2018 LAb"},"content":{"rendered":"<h1 class=\"paragraph\" style=\"text-align: center;\">November 8th, 2018<br \/>\nIdentity and learner autonomy<\/h1>\n<p><strong>Presentations (scroll down for abstracts)<\/strong><\/p>\n<p><b>Carol Griffiths<\/b><span style=\"color: #1d2129;\">\u00a0&#8211; Featured presentation: Identity and autonomy: Complexity, context\u00a0<\/span><span style=\"color: #1d2129;\">and change [<a href=\"https:\/\/drive.google.com\/file\/d\/1xhlVHIKbhPT-lJg1hh6_mfhNo54Rpbfn\/view?usp=sharing\">Slides<\/a>] [<a href=\"https:\/\/www.youtube.com\/watch?v=sQmBFNEv0fk\" target=\"_blank\" rel=\"noopener\">Recording<\/a>]<\/span><br \/>\n<span style=\"color: #1d2129;\"><b>Jacqueline Tiburcio Barwis<\/b>\u00a0&#8211; Research report: Identity and second language learning [<a href=\"https:\/\/www.youtube.com\/watch?v=yMDv8lAU-Lo&amp;feature=youtu.be\" target=\"_blank\" rel=\"noopener\">Recording<\/a>]<\/span><br \/>\n<span style=\"color: #1d2129;\"><b>Kie Yamamoto<\/b>\u00a0&#8211; Featured presentation: Advisor positionality: Reflection on my identity research [<a href=\"https:\/\/drive.google.com\/file\/d\/1Kb-SEHxo4yVbrJzZaTXLoqRbC6haOq6E\/view?usp=sharing\">Slides<\/a>] [<a href=\"https:\/\/www.youtube.com\/watch?v=Wt_WDQlf0vU\" target=\"_blank\" rel=\"noopener\">Recording<\/a>]<\/span><br \/>\n<b>Sin Wang Chong<\/b>\u00a0&#8211; Project introduction: Repository of Learner Autonomy Research [<a href=\"https:\/\/www.dropbox.com\/s\/3m8s9z258qi6hyo\/LA%20Repository_LAb%20Session%20on%2008.11_SW%20Chong_PPT_Revised.pptx?dl=0\" target=\"_blank\" rel=\"noopener\">Slides<\/a>] [<a href=\"https:\/\/www.youtube.com\/watch?v=cRH6c_ZyvcQ\" target=\"_blank\" rel=\"noopener\">Recording<\/a>]<br \/>\n<b>Mar\u00eda de la Paz Adelia Pe\u00f1a Clavel<\/b>\u00a0&#8211; Featured presentation: Telet\u00e1ndem, autonomy and identity in a virtual environment [<a href=\"https:\/\/www.dropbox.com\/s\/h2a53ulgl94q4k9\/Adelia%20slides.pptx?dl=0\" target=\"_blank\" rel=\"noopener\">Slides<\/a>] [<a href=\"https:\/\/www.youtube.com\/watch?v=xZniQkN4fGQ\" target=\"_blank\" rel=\"noopener\">Recording<\/a>]<br \/>\n<b>Alice Chik<\/b>\u00a0&#8211; Featured presentation: Seeing identity in visual language learning<br \/>\nnarratives [<a href=\"https:\/\/www.dropbox.com\/s\/5i3p7wdiusw6pve\/Seeing%20identity%20in%20visual%20narratives.pptx?dl=0\" target=\"_blank\" rel=\"noopener\">Slides<\/a>] [<a href=\"https:\/\/www.youtube.com\/watch?v=OTL-zx21ytA\" target=\"_blank\" rel=\"noopener\">Recording<\/a>]<\/p>\n<p>In our third\u00a0LAb session, we explored the role of identity in language learning and the development of language learner autonomy. By identity, we mean the\u00a0\u201csocially constructed, self-conscious, ongoing narratives that individuals perform, interpret and project in dress, bodily movements, actions and language\u201d (Block, 2007, p. 32). In this LAb session, we would like to explore social conditions and the impact they might have on identity within the field of language education.\u00a0As we take the view that identity is\u00a0discursively constructed (Miller, 2014), we might explore identity constructions in advising sessions, social learning spaces, classrooms, or in online interactions (among other scenarios). Some questions to consider are: What is the relationship between identity and learner autonomy? How is identity discursively explored in language learning? And how can research in other fields influence research in applied linguistics? Through a series of short presentations with time for follow up questions and comments, we will share ideas and engage in discussion about this exciting area of applied linguistics.<\/p>\n<p><strong>Session facilitators:<\/strong>\u00a0Satoko Kato, Jo Mynard, Hayo Reinders, Scott Shelton-Strong<\/p>\n<h2><strong>Abstracts<\/strong><\/h2>\n<h2><span style=\"color: #800000;\">Alice Chik, Macquarie University, Sydney, Australia\u00a0 <\/span><\/h2>\n<p>[<a href=\"https:\/\/www.dropbox.com\/s\/5i3p7wdiusw6pve\/Seeing%20identity%20in%20visual%20narratives.pptx?dl=0\" target=\"_blank\" rel=\"noopener\">Slides<\/a>]\u00a0[<a href=\"https:\/\/www.youtube.com\/watch?v=OTL-zx21ytA\" target=\"_blank\" rel=\"noopener\">Recording<\/a>]<\/p>\n<p><strong>Seeing identity in visual language learning narratives<\/strong><\/p>\n<p><span style=\"color: #800000;\">\u3010Abstract\u3011<\/span><br \/>\nIn the last 40 years, researchers have adopted various research methodologies to explore learner autonomy development, including both quantitative and qualitative methods. However, one less frequently adopted approach is the use of visual narratives. This presentation will discuss the use of language learning silhouettes to elicit discussion on languages, emotion, identity and learner autonomy. Using a collection of silhouettes made by pre-service teachers, we especially want to focus the spaces for learning languages other than English in Australia, and implications for languages education.<\/p>\n<p><span style=\"color: #800000;\">\u3010Bio\u3011<\/span><br \/>\nAlice Chik is Senior Lecturer at Macquarie University, Australia. Her recent research interests include urban multilingualism, heritage language education, and language learning in informal learning contexts. Her recent publications include, \u2018Languages of Sydney: The people and the passion\u2019 (2018, co-authored with Susan Markose and Di Alperstein, published by Candlin &amp; Mynard ePublishing).<\/p>\n<h2><span style=\"color: #800000;\">Sin Wang Chong, The Education University of Hong Kong, Hong Kong<\/span><\/h2>\n<p>[<a href=\"https:\/\/www.dropbox.com\/s\/3m8s9z258qi6hyo\/LA%20Repository_LAb%20Session%20on%2008.11_SW%20Chong_PPT_Revised.pptx?dl=0\" target=\"_blank\" rel=\"noopener\">Slides<\/a>] [<a href=\"https:\/\/www.youtube.com\/watch?v=cRH6c_ZyvcQ\" target=\"_blank\" rel=\"noopener\">Recording<\/a>]<\/p>\n<p><strong>Repository of Learner Autonomy Research<\/strong><\/p>\n<p><span style=\"color: #800000;\">\u3010Abstract\u3011<\/span><br \/>\nTo introduce the project of creating a repository which hosts and disseminates materials and raw data of language learner autonomy research<\/p>\n<p><span style=\"color: #800000;\">\u3010Bio\u3011<\/span><br \/>\nSin Wang Chong is Lecturer at the Education University of Hong Kong, Associate Fellow of Higher Education Research and Development Society of Australasia (HERDSA), and a researcher at RILAE. His publications have appeared in some of the leading journals in language assessment, including Assessment &amp; Evaluation in Higher Education, Assessing Writing, Language Assessment Quarterly.<\/p>\n<h2><span style=\"color: #800000;\">Mar\u00eda de la Paz Adelia Pe\u00f1a Clavel, UNAM, Mexico<\/span><\/h2>\n<p>[<a href=\"https:\/\/www.dropbox.com\/s\/h2a53ulgl94q4k9\/Adelia%20slides.pptx?dl=0\" target=\"_blank\" rel=\"noopener\">Slides<\/a>] [<a href=\"https:\/\/www.youtube.com\/watch?v=xZniQkN4fGQ\" target=\"_blank\" rel=\"noopener\">Recording<\/a>]<\/p>\n<p><strong>Telet\u00e1ndem, autonomy and identity in a virtual environment<\/strong><\/p>\n<p><span style=\"color: #800000;\">\u3010Abstract\u3011<\/span><br \/>\nFindings of previous studies have shown that teletandem could help learners enhance the development of different kinds of strategies (Pe\u00f1a, 2010) and, foster intercultural awareness and competence (0\u2019Dowd, 2013). Anecdotal evidence also shows how learner identity is forged (Telles,2015). In this talk, I will review some research related to identity in language learning regarding teletandem, in order to propose that this intercultural virtual environment can have an effect on students\u2019 identity and autonomy. It is my aim to show some examples of teletandem students\u2019 comments as evidence that teletandem can shape students identity as language learners and have the potential to promote learner autonomy.<\/p>\n<p><span style=\"color: #800000;\">\u3010Bio\u3011<\/span><br \/>\nMar\u00eda de la Paz Adelia Pe\u00f1a Clavel is a the Self Access Language Centre Coordinator at the National School of Languages, Linguistics and Translation (ENALLT) in the National Autonomous University of Mexico (UNAM) as well as an English Language Advisor. She was the Academic Coordinator for the advisor-training program at UNAM and is responsible for the Teletandemproject. She received her MA in Educational Technology through (ITESM) in M\u00e9xico and a MA in Virtual Learning Environments through the Organization of Iberoamerican States (OEI) and the University of Panama. At present, she is a PhD student at the University of Guadalajara. Her main research interests are learner-training, identity in SALC, learner autonomy and teletandem.<\/p>\n<h2><span style=\"color: #800000;\">Carol Griffiths, AIS, New Zealand\u00a0<\/span><\/h2>\n<p>[<a href=\"https:\/\/drive.google.com\/file\/d\/1xhlVHIKbhPT-lJg1hh6_mfhNo54Rpbfn\/view?usp=sharing\">Slides<\/a>] [<a href=\"https:\/\/www.youtube.com\/watch?v=sQmBFNEv0fk\" target=\"_blank\" rel=\"noopener\">Recording<\/a>]<\/p>\n<p><strong>Identity and autonomy: complexity, context and change<\/strong><\/p>\n<p><span style=\"color: #800000;\">\u3010Abstract\u3011<\/span><br \/>\nIn recent years, the role of identity in language learning has become a \u201chot\u201d issue. But what is it, exactly? This talk will begin by suggesting a definition (multifaceted, situated and dynamic) and will then present studies which look at each of these facets in relation to autonomy. Complexity will be exemplified by means of a study which investigated teachers\u2019 perceptions of a range of individual student differences. Context will be illustrated by means of a study conducted in Turkey. And dynamism will be explored by means of a study of Chinese students studying in the UK. The talk will conclude by suggesting implications for learning and teaching and directions for further research.<\/p>\n<p><span style=\"color: #800000;\">\u3010Bio\u3011<\/span><br \/>\nDr Carol Griffiths has been a teacher, manager and teacher trainer of ELT for many years. She has taught in many places around the world, including New Zeland, Indonesia, Japan, China, North Korea, Turkey and UK. She has presented at numerous conferences and published widely, including her latest book <em>The Strategy Factor in Successful Language Learning: The Tornado Effect<\/em>. Learner autonomy is a major ongoing interest which forms one of the chapters of a forthcoming book on Individual differences co-authored with Adem Soruc and published by Multilingual Matters. Email: <a href=\"mailto:carolgriffith5@gmail.com\">carolgriffith5@gmail.com<\/a>. Website: <a href=\"http:\/\/www.carolgriffiths.net\">www.carolgriffiths.net<\/a><\/p>\n<h2><span style=\"color: #800000;\">Jacqueline Tiburcio Barwis, Universidad Veracruzana, Veracruz, M\u00e9xico\u00a0<\/span><\/h2>\n<p><span style=\"color: #800000;\"><span style=\"color: #1d2129;\">[<a href=\"https:\/\/www.youtube.com\/watch?v=yMDv8lAU-Lo&amp;feature=youtu.be\" target=\"_blank\" rel=\"noopener\">Recording<\/a>]<\/span><\/span><\/p>\n<p><strong>Identity and Second Language Learning <\/strong><\/p>\n<p><span style=\"color: #800000;\">\u3010Abstract\u3011<\/span><br \/>\nAccording to the results of a pilot study it is clearly observed that a significant learning of a second language depends, above all, to re-conceptualize the classroom space as a communicative, relational and identity space, which allows an emotion-cognitive link for the student rather than the rational learning of some sociolinguistic content. Students are unique social motivated actors and with a complex identity that is modified when in the contact of the new culture-language (Pfleger, 2018). Therefore, it is necessary to incorporate into the classroom socially significant activities that allow a construction of the relational and aspirational identity.<br \/>\nPfleger, S. (coord.).(2018). Lenguaje y construcci\u00f3n de la identidad. Una mirada desde diferentes \u00e1mbitos. M\u00e9xico: Universidad Nacional Aut\u00f3noma de M\u00e9xico.&#8221;<\/p>\n<p><span style=\"color: #800000;\">\u3010Bio\u3011<\/span><br \/>\nMaster in Didactics of Social Sciences from the Universidad Veracruzana. Teacher of German in the Language Center-Veracruz of the Universidad Veracruzana since February 2009 and applicator of the German international exams \u00d6SD (\u00d6sterreichisches Sprachdiplom). Currently coordinator of the German State Academy of the Universidad Veracruzana.<\/p>\n<h2><span style=\"color: #800000;\">Kie Yamamoto, Kanda University of International Studies, Chiba, Japan\u00a0<\/span><\/h2>\n<p><span style=\"color: #800000;\"><span style=\"color: #1d2129;\">[<a href=\"https:\/\/drive.google.com\/file\/d\/1Kb-SEHxo4yVbrJzZaTXLoqRbC6haOq6E\/view?usp=sharing\">Slides<\/a>] [<a href=\"https:\/\/www.youtube.com\/watch?v=Wt_WDQlf0vU\" target=\"_blank\" rel=\"noopener\">Recording<\/a>]<\/span><\/span><\/p>\n<p><strong>Advisor positionality: Reflection on my identity research<\/strong><\/p>\n<p><span style=\"color: #800000;\">\u3010Abstract\u3011<\/span><br \/>\nAs learning advising in language learning is a unique profession, we know little about how we are understood by our advisees. Our positionality is multifaceted, and it may be powerfully influenced by our sociocultural background, language learning experience or educational philosophy. I recently conducted a longitudinal narrative study with one of my advisees in order to investigate her identity construction language learning. The study involved a series of analyses which also served to shed light on the researcher positionality as a lens to understand who I am to the learner in the advising session, and how I position myself in the context. In this presentation, I would like to share my own reflection on my researcher positionality in the narrative study and also suggest the reflexive approach to developing advising practice.<\/p>\n<p><span style=\"color: #800000;\">\u3010Bio\u3011<\/span><br \/>\nKie Yamamoto is a learning advisor at Kanda University of International Studies. She holds an M.S.Ed from Temple University Japan, and is currently pursuing an Ed.D at the University of Bath in the UK. Her research interests are language learner identity, social learning theory, student engagement, and narrative analysis.<\/p>\n<p>&nbsp;<\/p>\n","protected":false},"excerpt":{"rendered":"<p>November 8th, 2018 Identity and learner autonomy Presentations (scroll down for abstracts) Carol Griffiths\u00a0&#8211; Featured presentation: Identity and autonomy: Complexity, &hellip; <a href=\"https:\/\/kuis.kandagaigo.ac.jp\/rilae\/lab-sessions\/8-november-2018-lab\/\">Continue reading <span class=\"meta-nav\">&rarr;<\/span><\/a><\/p>\n","protected":false},"author":3,"featured_media":0,"parent":29,"menu_order":3,"comment_status":"closed","ping_status":"closed","template":"","meta":{"footnotes":""},"class_list":["post-664","page","type-page","status-publish","hentry"],"_links":{"self":[{"href":"https:\/\/kuis.kandagaigo.ac.jp\/rilae\/wp-json\/wp\/v2\/pages\/664","targetHints":{"allow":["GET"]}}],"collection":[{"href":"https:\/\/kuis.kandagaigo.ac.jp\/rilae\/wp-json\/wp\/v2\/pages"}],"about":[{"href":"https:\/\/kuis.kandagaigo.ac.jp\/rilae\/wp-json\/wp\/v2\/types\/page"}],"author":[{"embeddable":true,"href":"https:\/\/kuis.kandagaigo.ac.jp\/rilae\/wp-json\/wp\/v2\/users\/3"}],"replies":[{"embeddable":true,"href":"https:\/\/kuis.kandagaigo.ac.jp\/rilae\/wp-json\/wp\/v2\/comments?post=664"}],"version-history":[{"count":30,"href":"https:\/\/kuis.kandagaigo.ac.jp\/rilae\/wp-json\/wp\/v2\/pages\/664\/revisions"}],"predecessor-version":[{"id":726,"href":"https:\/\/kuis.kandagaigo.ac.jp\/rilae\/wp-json\/wp\/v2\/pages\/664\/revisions\/726"}],"up":[{"embeddable":true,"href":"https:\/\/kuis.kandagaigo.ac.jp\/rilae\/wp-json\/wp\/v2\/pages\/29"}],"wp:attachment":[{"href":"https:\/\/kuis.kandagaigo.ac.jp\/rilae\/wp-json\/wp\/v2\/media?parent=664"}],"curies":[{"name":"wp","href":"https:\/\/api.w.org\/{rel}","templated":true}]}}